{"id":1024,"date":"2026-04-10T13:07:33","date_gmt":"2026-04-10T13:07:33","guid":{"rendered":"https:\/\/drk-jestetten.de\/?page_id=1024"},"modified":"2026-04-12T09:41:44","modified_gmt":"2026-04-12T09:41:44","slug":"rk-jes-51-26-1","status":"publish","type":"page","link":"https:\/\/drk-jestetten.de\/?page_id=1024","title":{"rendered":"RK-JES 51\/26-1"},"content":{"rendered":"\n<p class=\"has-text-align-center wp-block-paragraph\">Krankentransportwagen gem\u00e4\u00df DIN EN 1798 A2 sind zum Transport von Patienten vorgesehen, die der besonderen medizinisch-technischen Ausstattung eines KTW bed\u00fcrfen oder eine medizinisch-fachliche Betreuung w\u00e4hrend des Transportes ben\u00f6tigen. Krankentransportwagen sind in der Regel von zwei Rettungssanit\u00e4tern besetzt. Diese sorgen f\u00fcr die medizinische Versorgung und Betreuung des Patienten vor und w\u00e4hrend der Fahrt. Sollte es doch zu einem Notfall kommen, sind die Rettungssanit\u00e4ter in der Lage, lebensrettende Ma\u00dfnahmen bis zum Eintreffen des Rettungswagens oder Notarztes durchzuf\u00fchren.<\/p>\n\n\n\n<div class=\"wp-block-group has-global-padding is-content-justification-center is-layout-constrained wp-block-group-is-layout-constrained\"><div class=\" drk-card-contact-wrapper alignsmall card-desktop-align-auto \">\n  <div class=\"wp-block-drk-card-contact has-background has-gray-lightest-background-color\" >\n    <picture ><img decoding=\"async\" src=\"https:\/\/drk-jestetten.de\/wp-content\/uploads\/2026\/04\/image_missing-1-150x150.png\"\n     srcset=\"\"\n     class=\"header-teaser__image\" alt=\"\"><\/picture>    <div class=\"card-content\">\n      \n\n<h4 class=\"wp-block-heading\">Ansprechpartner<\/h4>\n\n\n\n<p class=\"is-style-default has-medium-font-size wp-block-paragraph\"><strong>Herr<\/strong><br><strong>Marco Binzer<\/strong><\/p>\n\n\n\n<p class=\"wp-block-paragraph\">Mail: <a href=\"mailto:m.binzer@drk-ov-jestetten.de\" data-type=\"mailto\" data-id=\"mailto:drk-jestetten@t-online.de\" rel=\"nofollow\">hier kontaktieren<\/a><\/p>\n\n\n\n<p class=\"wp-block-paragraph\">Burgweg 6<br>79798 Jestetten<\/p>\n\n    <\/div>\n  <\/div>\n<\/div>\n<\/div>\n\n\n\n<hr class=\"wp-block-separator has-alpha-channel-opacity is-style-wide\"\/>\n\n\n\n<h3 class=\"wp-block-heading has-blue-color has-text-color has-link-color wp-elements-a3715996da1391e5982d7968a9a449fb\">Faktencheck KTW<\/h3>\n\n\n\n<div class=\"facts fact-grid-auto wp-block-drk-fact-grid\" >\n      \n\n<div class=\"wp-block-fact-item  has-primary-color has-text-color has-link-color wp-block-drk-fact\" >\n      <p class=\"facts_prefix small has-default-color\">\n        Besatzung<\/p>\n      <div class=\"facts_text\">\n        <p>1 Rettungssanit\u00e4ter\/in<br>1 Rettungshelfer\/in oder Rettungssanit\u00e4ter\/in<\/p>\n      <\/div>\n\n<\/div>\n\n\n\n<div style=\"font-size:29px;\" class=\"wp-block-fact-item  wp-elements-ad21f9ceec616f5fe2a8848aef9f6c48 wp-block-drk-fact has-text-color has-primary-color\" >\n      <p class=\"facts_prefix small has-default-color\">\n        Fahrzeug<\/p>\n      <div class=\"facts_text\">\n        <p>Mercedes Benz Sprinter<br>163 PS, 5-Gang Getriebe<\/p>\n      <\/div>\n\n<\/div>\n\n\n\n<div class=\"wp-block-fact-item  wp-elements-90f40345fd3c2ab400788aa90328bfd0 wp-block-drk-fact has-text-color has-primary-color\" >\n      <p class=\"facts_prefix small has-default-color\">\n        Standort<\/p>\n      <div class=\"facts_text\">\n        <p>Burgweg 6<br>79798 Jestetten<\/p>\n      <\/div>\n\n<\/div>\n\n\n\n<div class=\"wp-block-fact-item  wp-elements-5500ce9239251af6d69685e028d15b8a wp-block-drk-fact has-text-color has-primary-color\" >\n      <p class=\"facts_prefix small has-default-color\">\n        Funkrufname<\/p>\n      <div class=\"facts_text\">\n        <p>RK JES 51\/26-1<\/p>\n      <\/div>\n\n<\/div>\n\n<\/div>\n\n\n\n<hr class=\"wp-block-separator has-alpha-channel-opacity is-style-wide\"\/>\n\n\n\n<div class=\"wp-block-columns is-layout-flex wp-container-core-columns-is-layout-930feb06 wp-block-columns-is-layout-flex\">\n<div class=\"wp-block-column is-layout-flow wp-block-column-is-layout-flow\">\n<figure class=\"wp-block-image size-large\"><img loading=\"lazy\" decoding=\"async\" width=\"1024\" height=\"683\" src=\"https:\/\/drk-jestetten.de\/wp-content\/uploads\/2025\/01\/1736539415245-1024x683.jpg\" alt=\"\" class=\"wp-image-857\" srcset=\"https:\/\/drk-jestetten.de\/wp-content\/uploads\/2025\/01\/1736539415245-1024x683.jpg 1024w, https:\/\/drk-jestetten.de\/wp-content\/uploads\/2025\/01\/1736539415245-300x200.jpg 300w, https:\/\/drk-jestetten.de\/wp-content\/uploads\/2025\/01\/1736539415245-768x512.jpg 768w, https:\/\/drk-jestetten.de\/wp-content\/uploads\/2025\/01\/1736539415245-1536x1024.jpg 1536w, https:\/\/drk-jestetten.de\/wp-content\/uploads\/2025\/01\/1736539415245-2048x1366.jpg 2048w\" sizes=\"auto, (max-width: 1024px) 100vw, 1024px\" \/><\/figure>\n<\/div>\n\n\n\n<div class=\"wp-block-column is-layout-flow wp-block-column-is-layout-flow\">\n<figure class=\"wp-block-image size-large\"><img loading=\"lazy\" decoding=\"async\" width=\"1024\" height=\"683\" src=\"https:\/\/drk-jestetten.de\/wp-content\/uploads\/2025\/01\/1736539415253-1024x683.jpg\" alt=\"\" class=\"wp-image-858\" srcset=\"https:\/\/drk-jestetten.de\/wp-content\/uploads\/2025\/01\/1736539415253-1024x683.jpg 1024w, https:\/\/drk-jestetten.de\/wp-content\/uploads\/2025\/01\/1736539415253-300x200.jpg 300w, https:\/\/drk-jestetten.de\/wp-content\/uploads\/2025\/01\/1736539415253-768x512.jpg 768w, https:\/\/drk-jestetten.de\/wp-content\/uploads\/2025\/01\/1736539415253-1536x1024.jpg 1536w, https:\/\/drk-jestetten.de\/wp-content\/uploads\/2025\/01\/1736539415253-2048x1366.jpg 2048w\" sizes=\"auto, (max-width: 1024px) 100vw, 1024px\" \/><\/figure>\n<\/div>\n<\/div>\n","protected":false},"excerpt":{"rendered":"<p>Krankentransportwagen gem\u00e4\u00df DIN EN 1798 A2 sind zum Transport von Patienten vorgesehen, die der besonderen medizinisch-technischen Ausstattung eines KTW bed\u00fcrfen oder eine medizinisch-fachliche Betreuung w\u00e4hrend des Transportes ben\u00f6tigen. Krankentransportwagen sind in der Regel von zwei Rettungssanit\u00e4tern besetzt. Diese sorgen f\u00fcr die medizinische Versorgung und Betreuung des Patienten vor und w\u00e4hrend der Fahrt. Sollte es doch [&hellip;]<\/p>\n","protected":false},"author":1,"featured_media":0,"parent":0,"menu_order":0,"comment_status":"closed","ping_status":"closed","template":"","meta":{"_crdt_document":"{\"document\":\"AACAAZ620p0fyunMsBkA3rbSnR8LyunMsBkOnrbSnR+K6cywGZ620p0fiunMsBmettKdH4rpzLAZnrbSnR+K6cywGZ620p0fiunMsBmettKdH4rpzLAZnrbSnR\/K6cywGQbettKdH0fK6cywGYcCsMfpiwGK6cywGbDH6YsByunMsBkAzQKqFOgUAQEIAEgCQgYCAAaeNgMABAIEAhL2Gp4BsgsDAvApqhQEAgZECKQVAQIKAQNKGAIBAgoCQkoAMAECCgKsAe4BAQBKAKADAQIKAkJKAL4EAQIKAkJK9jMDAEwOTqApAwIgAs4qNhwKZiZmICIBAQgASAJCCkqsEgECCgEASgAUAQIKAkIBAEoANAECCgBKEAIBAgoBAEoAFAECCgEBSgAWAQIKAQFKABYBAgoBAUrSAagBAQIKAQBKABQBAgpKDgIBAwwCAQIKAQNKTigBAwwCAQIKAQNKzgKOA+4XthSOBPgDgATIGrowqgQDAAQCBAISqBMDALIZBqQDCgMBBjoDAAoDAYwBBr4DBAKkAwoDAQY6AwAOAowBBALUXQZIKgZInl8DA+J4qmSqAwwDAIABBAwCjgGEBAakAwwDAIABBBCMAQb2W\/AZsko2vhSyIQMABAIEAhIBBeYNAwLsKQA2JgSIY6oDDAMAgAEEDAKOAYQEBqQDDAMAgAEEEIwBBvQqmQMoAMcAIQAoACEAJwAhAScAoQAhAKEAIQEBAAAAxAfBAMQFqAAoACEBqAMoAAcAKAMnACgFJwAHACgDJwEEACgAJwCHACgDJwEEAIEAKAInAIcAKAMnAQQAKAAnAIcAKAMnAQQAKAAnAKgCKACoACgAxASoASECJwABAIEAJwEoBCcAKAAnAEQAwQDEAgcAIQAoAScBKAAnAKgAKAAEAIcAIQAoACEBJwAhAicAhwAoAycBBAAoAicAhwAoAycAKAEnAAcAKAMnACgCJwCHACgDJwAoACEAKAEnAIcAKAMnACgAIQAoAScAhwAoAycAKAAhACgBJwCHACgDJwAoAicAhwAoAycAKAAnAAcAKAMnAQcAKAMnACEAKAAnACEAKAEnAIcAKAMnAQcAKAMnACEAKAAnACEAKAEnAKEAqAAoAKEAqAChAKgABACBAIQIgQCEAIEAhACBAIQCgQCEAIEAhACBAIQBgQCEAIEAhACBAIQBgQCEAoEAhACBAIQAgQCEAYEAhAGoASgAoQEhAKECqAPEFCEAqAHE1TacNHN0YXRldmVyc2lvbmNsaWVudElkaXNWYWxpZG5hbWVhdHRyaWJ1dGVzY29udGVudGRyb3BDYXBpbm5lckJsb2Nrc29yaWdpbmFsQ29udGVudHRhZ05hbWVsYXlvdXRncm91cCB7ImxheW91dCI6eyJ0eXBlIjoiY29uc3RyYWluZWQiLCJqdXN0aWZ5Q29udGVudCI6ImNlbnRlciJ9fSAtLT4KPGRpdiBjbGFzcz0id3AtYmxvY2stZ3JvdXAiPjwhLS0gd3A6ZHJrL2NhcmQtY29udGFjdCB7ImltYWdlQWx0IjoiIiwiaW1hZ2VVcmwiOiJ0dHBzOi8vZHJrLWpzdGV0dGVuLmRlL3dwLWNvbnRlbnQvdXBsb3MvMjAyNi8wNC9tYWdlX21pc3NpLTEtMTUweDE1MC5wbmciLCJpbWFnZUlkIjoxMDY1LCJiYWNrZ3JvdW5kQ29sb3IiOiJncmF5LWxpZ2h0ZXN0In0tLT4KPCEtLSB3cDpoZWFkaW5nIDR9IC0tPgo8aDQgY2xhc3M9IndwLWJsb2NrLWhlYWRpbmciPkFuc3ByZWNocGFydG5lcjwvaDQ+CjwhLS0gL3dwOmhlYWRpbmcgLS0+Cgo8IS0tIHdwOnBhcmFncmFwaCB7ImNsYXNzTmFtZSI6ImlzLXN0eWxlLWRlZmF1bHQiLCJmb250U2l6ZSI6Im1lZGl1bSJ9IC0tPgo8cCBjbGFzcz0iaXMtc3R5bGUtZGVmYXVsdCBoYXMtbWVkaXVtLWZvbnQtc2l6ZSI+PHN0cm9uZz5IZXJyPC9zdHJvbmc+PGJyPjxzdHJvbmc+TWFyY28gQmluemVyPC9zdHJvbmc+PC9wPgo8IS0tIC93cDpwYXJhZ3JhcGggLS0+Cgo8IS0tIHdwOnBhcmFncmFwaCAtLT4KPHA+TWFpbDogPGEgaHJlZj0ibWFpbHRvOm0uYmluemVyQGRyay1vdi1qZXN0ZXR0ZW4uZGUiIGRhdGEtdHlwZT0ibWFpbHRvIiBkYXRhLWlkPSJtYWlsdG86ZHJrLWplc3RldHRlbkB0LW9ubGluZS5kZSIgcmVsPSJub2ZvbGxvdyI+aGllciBrb250YWt0aWVyZW48L2E+PC9wPgo8IS0tIC93cDpwYXJhZ3JhcGggLS0+Cgo8IS0tIHdwOnBhcmFncmFwaCAtLT4KPHA+QnVyZ3dlZyA2PGJyPjc5Nzk4IEplc3RldHRlbjwvcD4KPCEtLSAvd3A6cGFyYWdyYXBoIC0tPgo8IS0tIC93cDpkcmsvY2FyZC1jb250YWN0IC0tPjwvZGl2Pgo8IS0tIC93cDpncm91cCAtLT4KCjwhLS0gd3A6aGVhZGluZyB7ImxldmVsIjpkb2N1bWVudHNsdWdzdGF0ZXNhdmVkQXRzdGF0ZXNhdmVkQnlsYXlvdXRjbGllbnRJZGlzVmFsaWRvcmlnaW5hbENvbnRlbnRuYW1lYXR0cmlidXRlc2ltYWdlQWx0aW1hZ2VVcmxpbWFnZUlkaW1hZ2VTaXplZGVza3RvcEFsaWduYmFja2dyb3VuZENvbG9yaW5uZXJCbG9ja3NjbGllbnRJZGlzVmFsaWRvcmlnaW5hbENvbnRlbnRuYW1lYXR0cmlidXRlc2NvbnRlbnRBbnNwcmVjaHBhcnRuZXJsZXZlbGlubmVyQmxvY2tzY2xpZW50SWRpc1ZhbGlkb3JpZ2luYWxDb250ZW50bmFtZWF0dHJpYnV0ZXNjb250ZW50PHN0cm9uZz5IZXJyPC9zdHJvbmc+PGJyPjxzdHJvbmc+TWFyY28gQmluemVyPC9zdHJvbmc+ZHJvcENhcGNsYXNzTmFtZWZvbnRTaXplaW5uZXJCbG9ja3NjbGllbnRJZGlzVmFsaWRvcmlnaW5hbENvbnRlbnRuYW1lYXR0cmlidXRlc2NvbnRlbnRNYWlsOiA8YSBocmVmPSJtYWlsdG86bS5iaW56ZXJAZHJrLW92LWplc3RldHRlbi5kZSIgZGF0YS10eXBlPSJtYWlsdG8iIGRhdGEtaWQ9Im1haWx0bzpkcmstamVzdGV0dGVuQHQtb25saW5lLmRlIiByZWw9Im5vZm9sbG93Ij5oaWVyIGtvbnRha3RpZXJlbjwvYT5kcm9wQ2FwaW5uZXJCbG9ja3NjbGllbnRJZGlzVmFsaWRvcmlnaW5hbENvbnRlbnRuYW1lYXR0cmlidXRlc2NvbnRlbnRCdXJnd2VnIDY8YnI+Nzk3OTggSmVzdGV0dGVuZHJvcENhcGlubmVyQmxvY2tzb3BhY2l0eWNsYXNzTmFtZXNlcGFyYXRvciB7ImNsYXNzTmFtZSI6ImlzLXN0eWxlLXdpZGUifSAtLT4KPHIgY2xhc3M9IndwLWJsb2NrLXNwcmF0b3IgaGFzLWFscGhhLWNoYW5uZWwtb3BhY2l0eSBpcy1zdHlsZS13aWUiLz4KPCEtLSAvd3A6c2VwYXJhdG9yIC0tPgoKPCEtLSB3cDpoZWFkc3RhdGV2ZXJzaW9uZG9jdW1lbnRkYXRlZG9jdW1lbnRzdGF0dXNkb2N1bWVudHRpdGxlZG9jdW1lbnRjb250ZW50ZG9jdW1lbnRleGNlcnB0ZG9jdW1lbnRhdXRob3Jkb2N1bWVudGZlYXR1cmVkX21lZGlhZG9jdW1lbnRjb21tZW50X3N0YXR1c2RvY3VtZW50cGluZ19zdGF0dXNkb2N1bWVudHRlbXBsYXRlZG9jdW1lbnRtZXRhZm9vdG5vdGVzZG9jdW1lbnRibG9ja3NSSy0gNTEvMjYtMUpFU2NsaWVudElkaXNWYWxpZG5hbWVhdHRyaWJ1dGVzY29udGVudGRyb3BDYXBpbm5lckJsb2Nrc29yaWdpbmFsQ29udGVudEtyYW5rZW50cmFuc3BvcnR3YWdlbiBnZW3DpMOfIERJTiBFTiAxNzk4IEEyIHNpbmQgenVtIFRyYW5zcG9ydCB2b24gUGF0aWVudGVuIHZvcmdlc2VoZW4sIGRpZSBkZXIgYmVzb25kZXJlbiBtZWRpemluaXNjaC10ZWNobmlzY2hlbiBBdXNzdGF0dHVuZyBlaW5lcyBLVFcgYmVkw7xyZmVuIG9kZXIgZWluZSBtZWRpemluaXNjaC1mYWNobGljaGUgQmV0cmV1dW5nIHfDpGhyZW5kIGRlcyBUcmFuc3BvcnRlcyBiZW7DtnRpZ2VuLiBLcmFua2VudHJhbnNwb3J0d2FnZW4gc2luZCBpbiBkZXIgUmVnZWwgdm9uIHp3ZWkgUmV0dHVuZ3NzYW5pdMOkdGVybiBiZXNldHp0LiBEaWVzZSBzb3JnZW4gZsO8ciBkaWUgbWVkaXppbmlzY2hlIFZlcnNvcmd1bmcgdW5kIEJldHJldXVuZyBkZXMgUGF0aWVudGVuIHZvciB1bmQgd8OkaHJlbmQgZGVyIEZhaHJ0LiBTb2xsdGUgZXMgZG9jaCB6dSBlaW5lbSBOb3RmYWxsIGtvbW1lbiwgc2luZCBkaWUgUmV0dHVuZ3NzYW5pdMOkdGVyIGluIGRlciBMYWdlLCBsZWJlbnNyZXR0ZW5kZSBNYcOfbmFobWVuIGJpcyB6dW0gRWludHJlZmZlbiBkZXMgUmV0dHVuZ3N3YWdlbnMgb2RlciBOb3Rhcnp0ZXMgZHVyY2h6dWbDvGhyZW4uY2xpZW50SWRpc1ZhbGlkb3JpZ2luYWxDb250ZW50bmFtZWF0dHJpYnV0ZXNvcGFjaXR5dGFnTmFtZWNsYXNzTmFtZWlubmVyQmxvY2tzY2xpZW50SWRpc1ZhbGlkb3JpZ2luYWxDb250ZW50bmFtZWF0dHJpYnV0ZXNjb250ZW50RmFrdGVuY2hlY2sgS1RXbGV2ZWxzdHlsZXRleHRDb2xvcmlubmVyQmxvY2tzY2xpZW50SWRpc1ZhbGlkb3JpZ2luYWxDb250ZW50bmFtZWF0dHJpYnV0ZXNhdXRvTGF5b3V0bWV0YWRhdGFpbm5lckJsb2Nrc2NsaWVudElkaXNWYWxpZG9yaWdpbmFsQ29udGVudG5hbWVhdHRyaWJ1dGVzcHJlaGVhZGxpbmV0ZXh0Y2xhc3NOYW1laW5uZXJCbG9ja3NjbGllbnRJZGlzVmFsaWRvcmlnaW5hbENvbnRlbnRuYW1lYXR0cmlidXRlc3ByZWhlYWRsaW5ldGV4dHN0eWxldGV4dENvbG9yaW5uZXJCbG9ja3NjbGllbnRJZGlzVmFsaWRvcmlnaW5hbENvbnRlbnRuYW1lYXR0cmlidXRlc3ByZWhlYWRsaW5ldGV4dHN0eWxldGV4dENvbG9yaW5uZXJCbG9ja3NjbGllbnRJZGlzVmFsaWRvcmlnaW5hbENvbnRlbnRuYW1lYXR0cmlidXRlc3ByZWhlYWRsaW5ldGV4dHN0eWxldGV4dENvbG9yaW5uZXJCbG9ja3NjbGllbnRJZGlzVmFsaWRvcmlnaW5hbENvbnRlbnRuYW1lYXR0cmlidXRlc29wYWNpdHl0YWdOYW1lY2xhc3NOYW1laW5uZXJCbG9ja3NjbGllbnRJZGlzVmFsaWRvcmlnaW5hbENvbnRlbnRuYW1lYXR0cmlidXRlc2lzU3RhY2tlZE9uTW9iaWxlaW5uZXJCbG9ja3NjbGllbnRJZGlzVmFsaWRvcmlnaW5hbENvbnRlbnRuYW1lYXR0cmlidXRlc2lubmVyQmxvY2tzY2xpZW50SWRpc1ZhbGlkb3JpZ2luYWxDb250ZW50bmFtZWF0dHJpYnV0ZXN1cmxhbHRjYXB0aW9uaWRzaXplU2x1Z2xpbmtEZXN0aW5hdGlvbmlubmVyQmxvY2tzY2xpZW50SWRpc1ZhbGlkb3JpZ2luYWxDb250ZW50bmFtZWF0dHJpYnV0ZXNpbm5lckJsb2Nrc2NsaWVudElkaXNWYWxpZG9yaWdpbmFsQ29udGVudG5hbWVhdHRyaWJ1dGVzdXJsYWx0Y2FwdGlvbmlkc2l6ZVNsdWdsaW5rRGVzdGluYXRpb25pbm5lckJsb2Nrc3N0eWxlPCEtLSB3cDpwYXJhZ3JhcGggeyJzdHlsZSI6eyJ0eXBvZ3JhcGh5Ijp7InRleHRBbGlnbiI6ImNlbnRlciJ9fX0gLS0+CjxwIGNsYXNzPSJoYXMtdGV4dC1hbGlnbi1jZW50ZXIiPktyYW5rZW50cmFuc3BvcnR3YWdlbiBnZW3DpMOfIERJTiBFTiAxNzk4IEEyIHNpbmQgenVtIFRyYW5zcG9ydCB2b24gUGF0aWVudGVuIHZvcmdlc2VoZW4sIGRpZSBkZXIgYmVzb25kZXJlbiBtZWRpemluaXNjaC10ZWNobmlzY2hlbiBBdXNzdGF0dHVuZyBlaW5lcyBLVFcgYmVkw7xyZmVuIG9kZXIgZWluZSBtZWRpemluaXNjaC1mYWNobGljaGUgQmV0cmV1dW5nIHfDpGhyZW5kIGRlcyBUcmFuc3BvcnRlcyBiZW7DtnRpZ2VuLiBLcmFua2VudHJhbnNwb3J0d2FnZW4gc2luZCBpbiBkZXIgUmVnZWwgdm9uIHp3ZWkgUmV0dHVuZ3NzYW5pdMOkdGVybiBiZXNldHp0LiBEaWVzZSBzb3JnZW4gZsO8ciBkaWUgbWVkaXppbmlzY2hlIFZlcnNvcmd1bmcgdW5kIEJldHJldXVuZyBkZXMgUGF0aWVudGVuIHZvciB1bmQgd8OkaHJlbmQgZGVyIEZhaHJ0LiBTb2xsdGUgZXMgZG9jaCB6dSBlaW5lbSBOb3RmYWxsIGtvbW1lbiwgc2luZCBkaWUgUmV0dHVuZ3NzYW5pdMOkdGVyIGluIGRlciBMYWdlLCBsZWJlbnNyZXR0ZW5kZSBNYcOfbmFobWVuIGJpcyB6dW0gRWludHJlZmZlbiBkZXMgUmV0dHVuZ3N3YWdlbnMgb2RlciBOb3Rhcnp0ZXMgZHVyY2h6dWbDvGhyZW4uPC9wPgo8IS0tIC93cDpwYXJhZ3JhcGggLS0+Cgo8IS0tIHdwOmhlYWRpbmcgeyJsZXZlbCI6Mywic3R5bGUiOnsiZWxlbWVudHMiOnsibGluayI6eyJjb2xvciI6eyJ0ZXh0IjoidmFyOnByZXNldHxjb2xvcnxibHVlIn19fX0sInRleHRDb2xvciI6ImJsdWUifSAtLT4KPGgzIGNsYXNzPSJ3cC1ibG9jay1oZWFkaW5nIGhhcy1ibHVlLWNvbG9yIGhhcy10ZXh0LWNvbG9yIGhhcy1saW5rLWNvbG9yIj5GYWt0ZW5jaGVjayBLVFc8L2gzPgo8IS0tIC93cDpoZWFkaW5nIC0tPgoKPCEtLSB3cDpkcmsvZmFjdC1ncmlkIHsibWV0YWRhdGEiOnsiY2F0ZWdvcmllcyI6WyJkcmsiXSwicGF0dGVybk5hbWUiOiJkcmsvZmFjdC1ncmlkLXVuZXZlbiIsIm5hbWUiOiJGYWt0ZW4gR3JpZCJ9fSAtLT4KPCEtLSB3cDpkcmsvZmFjdCB7InByZWhlYWRsaW5lIjoiQmVzYXR6dW5nIiwidGV4dCI6IjEgUmV0dHVuZ3NzYW5pdMOkdGVyL2luXHUwMDNjYnJcdTAwM2UxIFJldHR1bmdzaGVsZmVyL2luIG9kZXIgUmV0dHVuZ3NzYW5pdMOkdGVyL2luIiwiY2xhc3NOYW1lIjoiaGFzLXByaW1hcnktY29sb3IgaGFzLXRleHQtY29sb3IgaGFzLWxpbmstY29sb3IifSAvLS0+Cgo8IS0tIHdwOmRyay9mYWN0IHsicHJlaGVhZGxpbmUiOiJGYWhyemV1ZyIsInRleHQiOiJNZXJjZWRlcyBCZW56IFNwcmludGVyXHUwMDNjYnJcdTAwM2UxMyBQUywgNS1HYW5nIEdldHJpZWJlIiwic3R5bGUiOnsiZWxlbWVudHMiOnsibGluayI6eyJjb2xvciI6eyJ0ZXh0IjoidmFyOnByZXNldHxjb2xvcnxwcmltYXJ5In19fSwidHlwb2dyYXBoeSI6eyJmb250U2l6ZSI6IjI5cHgifX0sInRleHRDb2xvciI6InByaW1hcnkifSAvLS0+Cgo8IS0tIHdwOmRyay9mYWN0IHsicHJlaGVhZGxpbmUiOiJTdGFuZG9ydCIsInRleHQiOiJCdXJnd2VnIDZcdTAwM2Niclx1MDAzZTc5Nzk4IEplc3RldHRlbiIsInN0eWxlIjp7ImVsZW1lbnRzIjp7ImxpbmsiOnsiY29sb3IiOnsidGV4dCI6InZhcjpwcmVzZXR8Y29sb3J8cHJpbWFyeSJ9fX19LCJ0ZXh0Q29sb3IiOiJwcmltYXJ5In0gLy0tPgoKPCEtLSB3cDpkcmsvZmFjdCB7InByZWhlYWRsaW5lIjoiRnVua3J1Zm5hbWUiLCJ0ZXh0IjoiUksgSkVTIDUxLzI2LTEiLCJzdHlsZSI6eyJlbGVtZW50cyI6eyJsaW5rIjp7ImNvbG9yIjp7InRleHQiOiJ2YXI6cHJlc2V0fGNvbG9yfHByaW1hcnkifX19fSwidGV4dENvbG9yIjoicHJpbWFyeSJ9IC8tLT4KPCEtLSAvd3A6ZHJrL2ZhY3QtZ3JpZCAtLT4KCjwhLS0gd3A6c2VwYXJhdG9yIHsiY2xhc3NOYW1lIjoiaXMtc3R5bGUtd2lkZSJ9IC0tPgo8aHIgY2xhc3M9IndwLWJsb2NrLXNlcGFyYXRvciBoYXMtYWxwaGEtY2hhbm5lbC1vcGFjaXR5IGlzLXN0eWxlLXdpZGUiLz4KPCEtLSAvd3A6c2VwYXJhdG9yIC0tPgoKPCEtLSB3cDpjb2x1bW5zIC0tPgo8ZGl2IGNsYXNzPSJ3cC1ibG9jay1jb2x1bW5zIj48IS0tIHdwOmNvbHVtbiAtLT4KPGRpdiBjbGFzcz0id3AtYmxvY2stY29sdW1uIj48IS0tIHdwOmltYWdlIHsiaWQiOiwic2l6ZVNsdWciOiJsYXJnZSIsImxpbmtEZXN0aW5hdGlvbiI6Im5vbmUifSAtLT4KPGZpZ3VyZSBjbGFzcz0id3AtYmxvY2staW1hZ2Ugc2l6ZS1sYXJnZSI+PGltZyBzcmM9Imh0dHBzOi8vZHJrLWV0dC5kZS93cC1jb250ZW50L3VwbG9hZHMvMjAyNS8wLzc0LTEwMjR4NjgzLmpwZyIgYWx0PSIiIGNsYXNzPSJ3cC1pbWFnZS0iLz48L2ZpZ3VyZT4KPCEtLSAvd3A6aW1hZ2UgLS0+PC9kaXY+CjwhLS0gL3dwOmNvbHVtbiAtLT4KCjwhLS0gd3A6Y29sdW1uIC0tPgo8ZGl2IGNsYXNzPSJ3cC1ibG9jay1jb2x1bW4iPjwhLS0gd3A6aW1hZ2UgeyJpZCI6NSwic2l6ZVNsdWciOiJsYXJnZSIsImxpbmtEZXN0aW5hdGlvbiI6Im5vbmUifSAtLT4KPGZpZ3VyZSBjbGFzcz0id3AtYmxvY2staW1hZ2Ugc2l6ZS1sYXJnZSI+PGltZyBzcmM9Imh0dHBzOi8vZHJrLWV0dC5kZS93cC1jb250ZW50L3VwbG9hZHMvMjAyNS8wLzQtMTAyNHg2ODMuanBnIiBhbHQ9IiIgY2xhc3M9IndwLWltYWdlLTUiLz48L2ZpZ3VyZT4KPCEtLSAvd3A6aW1hZ2UgLS0+PC9kaXY+CjwhLS0gL3dwOmNvbHVtbiAtLT48L2Rpdj4KPCEtLSAvd3A6Y29sdW1ucyAtLT5saW5rbGluazg1N2pzZXRlbjExMzY1MzkxNTI0NTg1Nzg4anNldGVuMTE3MzY1MzkxNTI1Mzg4c3RhdGV2ZXJzaW9uNgUHCAcECkcACw8HBpYCDBpKAIEBFIIEuQVBAg0IBAUHBQcGCAcPBApIAAcJDA8LCAcPBAoHDwULCAcPBAoHNgcJCAsIBw8ECgeWAgcLCAcPBAoHHAcLBwktEwErKQUHCAQIBggFCAcIBwgGCA4IDggLSAEECQgGAwgBAggHBApHAAsPjAkIBw8ECkcACQsIBw8ECgcPRQAJCwgHDwRKAAgLCAcPBAoLBAkLCAcPBAoLBAUJCwgHDwQKCwQFCQsIBw8ECgsEBQkLCAcPBApHAAkLCAcPBAoRCwgHDwQKCwgHDwQKQwAHAggPCwgHDwQKCwgHDwQKQwAHAggPCwWYC0EAAgECAQm0CQG5DLIBQQEdQQEmvwEBsgFBAR1BACYBlAFEAANBAQNBAEUAA0EDAwEHBUEABQcBFgEAAAoBAgA2AQMAAAEHAAABAACIAQFIQQAAQQAAQQACAEEAAgBBAAIAQQACAEIBAQBBAAIAQQAAQQACAEEAAEEAAEEAAEEAAEEAAEEAAEEAAEEAAEEAAgBBAABBAAIALEEKmAUvQRovQRYbBkEEAkFdFEEAKQEDAZUCAQMFAwEFAQMCBQMBBwJBDAMBA20AfQF4dxMyMDI2LTA0LTEwVDEzOjA3OjMzdw5yay1qZXMtNTEtMjYtMXckNDMyNzNhZDItZGY0MS00ZTMzLTgyM2EtZmFmN2YwODNjMzlldyI8ZGl2IGNsYXNzPSJ3cC1ibG9jay1ncm91cCI+PC9kaXY+dwpjb3JlL2dyb3VwdwNkaXZ2AgR0eXBldwtjb25zdHJhaW5lZA5qdXN0aWZ5Q29udGVudHcGY2VudGVydyQ3M2Q2ZjViMy1mZTFlLTQzYjMtYjdhNy02ZjdjOTYwZWM0YmF4dwB3EGRyay9jYXJkLWNvbnRhY3R3AHdPaHR0cHM6Ly9kcmstamVzdGV0dGVuLmRlL3dwLWNvbnRlbnQvdXBsb2Fkcy8yMDI2LzA0L2ltYWdlX21pc3NpbmctMS0xNTB4MTUwLnBuZ32pEHcJdGh1bWJuYWlsdwRhdXRvdw1ncmF5LWxpZ2h0ZXN0dyQ4ZGYyNTQ3ZS1iMDUxLTQyZDgtODAwNS0xOGNmZGRiNjgyYzJ4dzE8aDQgY2xhc3M9IndwLWJsb2NrLWhlYWRpbmciPkFuc3ByZWNocGFydG5lcjwvaDQ+dwxjb3JlL2hlYWRpbmd9BHckMzRjYTJkODItNzczMy00NTc4LTk0MTYtNWI5YzAzMDNjZjk4eHeaATxwIGNsYXNzPSJpcy1zdHlsZS1kZWZhdWx0IGhhcy1tZWRpdW0tZm9udC1zaXplIj48c3Ryb25nPkhlcnI8L3N0cm9uZz48YnI+PHN0cm9uZz5NYXJjbyBCaW56ZXI8L3N0cm9uZz48YnI+TGVpdHVuZyBFaW5zYXR6LSAmYW1wOyBCZXRyaWVic29yZ2FuaXNhdGlvbjwvcD53DmNvcmUvcGFyYWdyYXBoeXcQaXMtc3R5bGUtZGVmYXVsdHcGbWVkaXVtdyQxOTNhNjk3NC02NTliLTRhMmQtYWEyZS0xNzFkNTVjOGEyZGV4d50BPHA+TWFpbDogPGEgaHJlZj0ibWFpbHRvOm0uYmluemVyQGRyay1vdi1qZXN0ZXR0ZW4uZGUiIGRhdGEtdHlwZT0ibWFpbHRvIiBkYXRhLWlkPSJtYWlsdG86ZHJrLWplc3RldHRlbkB0LW9ubGluZS5kZSIgcmVsPSJub2ZvbGxvdyI+aGllciBrb250YWt0aWVyZW48L2E+PC9wPncOY29yZS9wYXJhZ3JhcGh5dyQwMTNmYWQ0OC01MGM2LTQzNDQtODg0ZC1iMDk1YzIyZWVlNGZ4dyM8cD5CdXJnd2VnIDY8YnI+Nzk3OTggSmVzdGV0dGVuPC9wPncOY29yZS9wYXJhZ3JhcGh5dyQwNGE0YTBiOS0yOTg5LTRkNDItOGE3ZC1jMWVmZGRkNDhlZjF3SDxociBjbGFzcz0id3AtYmxvY2stc2VwYXJhdG9yIGhhcy1hbHBoYS1jaGFubmVsLW9wYWNpdHkgaXMtc3R5bGUtd2lkZSIvPncOY29yZS9zZXBhcmF0b3J3DWFscGhhLWNoYW5uZWx3Amhydw1pcy1zdHlsZS13aWRle0J52Ab0xtAAe0HvO0mzwAAA\/AEAfQF9AHcGY2xvc2VkdwZjbG9zZWR3AHcAeHcOY29yZS9wYXJhZ3JhcGh5dyQ2NDRjMDEwOC05Y2U2LTQyYzctOGM1MC0xZTMyMDM4M2IyZGN33gQ8cD5LcmFua2VudHJhbnNwb3J0d2FnZW4gZ2Vtw6TDnyBESU4gRU4gMTc5OCBBMiBzaW5kIHp1bSBUcmFuc3BvcnQgdm9uIFBhdGllbnRlbiB2b3JnZXNlaGVuLCBkaWUgZGVyIGJlc29uZGVyZW4gbWVkaXppbmlzY2gtdGVjaG5pc2NoZW4gQXVzc3RhdHR1bmcgZWluZXMgS1RXIGJlZMO8cmZlbiBvZGVyIGVpbmUgbWVkaXppbmlzY2gtZmFjaGxpY2hlIEJldHJldXVuZyB3w6RocmVuZCBkZXMgVHJhbnNwb3J0ZXMgYmVuw7Z0aWdlbi4gS3JhbmtlbnRyYW5zcG9ydHdhZ2VuIHNpbmQgaW4gZGVyIFJlZ2VsIHZvbiB6d2VpIFJldHR1bmdzc2FuaXTDpHRlcm4gYmVzZXR6dC4gRGllc2Ugc29yZ2VuIGbDvHIgZGllIG1lZGl6aW5pc2NoZSBWZXJzb3JndW5nIHVuZCBCZXRyZXV1bmcgZGVzIFBhdGllbnRlbiB2b3IgdW5kIHfDpGhyZW5kIGRlciBGYWhydC4gU29sbHRlIGVzIGRvY2ggenUgZWluZW0gTm90ZmFsbCBrb21tZW4sIHNpbmQgZGllIFJldHR1bmdzc2FuaXTDpHRlciBpbiBkZXIgTGFnZSwgbGViZW5zcmV0dGVuZGUgTWHDn25haG1lbiBiaXMgenVtIEVpbnRyZWZmZW4gZGVzIFJldHR1bmdzd2FnZW5zIG9kZXIgTm90YXJ6dGVzIGR1cmNoenVmw7xocmVuLjwvcD54dyRhNmEwN2U5Zi1kYTNmLTQzOTQtYmQ0Yi03ZjMxMDA2OWYzNTV4d148aDMgY2xhc3M9IndwLWJsb2NrLWhlYWRpbmcgaGFzLWJsdWUtY29sb3IgaGFzLXRleHQtY29sb3IgaGFzLWxpbmstY29sb3IiPkZha3RlbmNoZWNrIEtUVzwvaDM+dwxjb3JlL2hlYWRpbmd9A3YBCGVsZW1lbnRzdgEEbGlua3YBBWNvbG9ydgEEdGV4dHcVdmFyOnByZXNldHxjb2xvcnxibHVldwRibHVldyQ3NmIyYmRlMS0zMDQxLTRhMjktOTFlNy0xZTBlOGQ1NWRiOTF4dwB3DWRyay9mYWN0LWdyaWR4dgMKY2F0ZWdvcmllc3UBdwNkcmsLcGF0dGVybk5hbWV3FGRyay9mYWN0LWdyaWQtdW5ldmVuBG5hbWV3C0Zha3RlbiBHcmlkdyQwZDk3MGMyYy03NTQ3LTRiOGQtOTFlZi1mOTk1YjY4NTRlNmR4dwB3CGRyay9mYWN0dwlCZXNhdHp1bmd3STEgUmV0dHVuZ3NzYW5pdMOkdGVyL2luPGJyPjEgUmV0dHVuZ3NoZWxmZXIvaW4gb2RlciBSZXR0dW5nc3Nhbml0w6R0ZXIvaW53L2hhcy1wcmltYXJ5LWNvbG9yIGhhcy10ZXh0LWNvbG9yIGhhcy1saW5rLWNvbG9ydyQ4MmU5NjMzNy0zMTU2LTRlMDgtYTAyMC00MjJiMjI0Yzk1YjB4dwB3CGRyay9mYWN0dwhGYWhyemV1Z3YCCGVsZW1lbnRzdgEEbGlua3YBBWNvbG9ydgEEdGV4dHcYdmFyOnByZXNldHxjb2xvcnxwcmltYXJ5CnR5cG9ncmFwaHl2AQhmb250U2l6ZXcEMjlweHcHcHJpbWFyeXckMzA2ZTg1YmQtZjYyNC00MmQ1LTlmNmUtMDBjZDQxZTYyMTc3eHcAdwhkcmsvZmFjdHcIU3RhbmRvcnR2AQhlbGVtZW50c3YBBGxpbmt2AQVjb2xvcnYBBHRleHR3GHZhcjpwcmVzZXR8Y29sb3J8cHJpbWFyeXcHcHJpbWFyeXckNjlmMzIyMjMtODU2MC00ZmNmLTliNGYtNjVmNmIwNmM1NThleHcAdwhkcmsvZmFjdHcLRnVua3J1Zm5hbWV2AQhlbGVtZW50c3YBBGxpbmt2AQVjb2xvcnYBBHRleHR3GHZhcjpwcmVzZXR8Y29sb3J8cHJpbWFyeXcHcHJpbWFyeXckYjUyYjEyNTItNDUxZC00MGRhLTg0ODQtMWJjODIxYzRhMGY3eHdIPGhyIGNsYXNzPSJ3cC1ibG9jay1zZXBhcmF0b3IgaGFzLWFscGhhLWNoYW5uZWwtb3BhY2l0eSBpcy1zdHlsZS13aWRlIi8+dw5jb3JlL3NlcGFyYXRvcncNYWxwaGEtY2hhbm5lbHcCaHJ3DWlzLXN0eWxlLXdpZGV3JGRlOWVhNjkxLTYzNmUtNGMzOS05M2ZiLTU1NTc4YmI5OWM4YXh3JjxkaXYgY2xhc3M9IndwLWJsb2NrLWNvbHVtbnMiPgoKPC9kaXY+dwxjb3JlL2NvbHVtbnN4dyRhNDM1OTYyYi1hZjA2LTRjZTctOTA3OS04OWUzOWY1NzJkZWF4dyM8ZGl2IGNsYXNzPSJ3cC1ibG9jay1jb2x1bW4iPjwvZGl2PncLY29yZS9jb2x1bW53JDRmYmQ2MDE1LTNlZWYtNDA1Yi05MWVhLTM3MDRjOTI1MzZhOXh3pwE8ZmlndXJlIGNsYXNzPSJ3cC1ibG9jay1pbWFnZSBzaXplLWxhcmdlIj48aW1nIHNyYz0iaHR0cHM6Ly9kcmstb3Yta2xldHRnYXUuZGUvd3AtY29udGVudC91cGxvYWRzLzIwMjUvMDIvSU1HXzA3NDgtMTAyNHg2ODMuanBnIiBhbHQ9IiIgY2xhc3M9IndwLWltYWdlLTQzNiIvPjwvZmlndXJlPncKY29yZS9pbWFnZXcAdwVsYXJnZXcEbm9uZXckZTkwOWRmYjQtNmM2Yy00N2IxLThjMzgtODM4MDZlYzVhYmYyeHcjPGRpdiBjbGFzcz0id3AtYmxvY2stY29sdW1uIj48L2Rpdj53C2NvcmUvY29sdW1udyRlNzkyMjllNi1iM2Y3LTQyNDgtYjI4MS1kZTQ0NWE0ZDZmMjl4d6cBPGZpZ3VyZSBjbGFzcz0id3AtYmxvY2staW1hZ2Ugc2l6ZS1sYXJnZSI+PGltZyBzcmM9Imh0dHBzOi8vZHJrLW92LWtsZXR0Z2F1LmRlL3dwLWNvbnRlbnQvdXBsb2Fkcy8yMDI1LzAyL0lNR18wMDg0LTEwMjR4NjgzLmpwZyIgYWx0PSIiIGNsYXNzPSJ3cC1pbWFnZS00MzUiLz48L2ZpZ3VyZT53CmNvcmUvaW1hZ2V3AHcFbGFyZ2V3BG5vbmV3MU1lcmNlZGVzIEJlbnogU3ByaW50ZXI8YnI+MTMwIFBTLCA1LUdhbmcgR2V0cmllYmV2AQp0eXBvZ3JhcGh5dgEJdGV4dEFsaWdudwZjZW50ZXJ3HEJ1cmd3ZWcgNjxicj43OTc5OCBKZXN0ZXR0ZW53DlJLIEpFUyA1MS8yNi0xd05odHRwczovL2Ryay1qZXN0ZXR0ZW4uZGUvd3AtY29udGVudC91cGxvYWRzLzIwMjUvMDEvMTczNjUzOTQxNTI0NS0xMDI0eDY4My5qcGd9mQ13K2h0dHBzOi8vZHJrLWplc3RldHRlbi5kZS8\/YXR0YWNobWVudF9pZD04NTd3Tmh0dHBzOi8vZHJrLWplc3RldHRlbi5kZS93cC1jb250ZW50L3VwbG9hZHMvMjAyNS8wMS8xNzM2NTM5NDE1MjUzLTEwMjR4NjgzLmpwZ32aDXcraHR0cHM6Ly9kcmstamVzdGV0dGVuLmRlLz9hdHRhY2htZW50X2lkPTg1OHcHcHVibGlzaAQAdzBNZXJjZWRlcyBCZW56IFNwcmludGVyPGJyPjEzIFBTLCA1LUdhbmcgR2V0cmllYmV3L01lcmNlZGVzIEJlbnogU3ByaW50ZXI8YnI+MSBQUywgNS1HYW5nIEdldHJpZWJldzBNZXJjZWRlcyBCZW56IFNwcmludGVyPGJyPjE2IFBTLCA1LUdhbmcgR2V0cmllYmV3MU1lcmNlZGVzIEJlbnogU3ByaW50ZXI8YnI+MTYzIFBTLCA1LUdhbmcgR2V0cmllYmUDnpvpzg8HAgABAAEBAd0CpwQujAMBZy7KtKbYDCEAAgEgDQEMANUEAAEBAQI1AAoACgAiAAIAEAACAAMUASgBAtkFlAGGBQC5BgJyBAMCHQABBAIAJgJ\/AXMEAwIdAAEGJwFYBfDj9EUBAAM=\",\"updateId\":438700564}","footnotes":""},"class_list":["post-1024","page","type-page","status-publish","hentry"],"_links":{"self":[{"href":"https:\/\/drk-jestetten.de\/index.php?rest_route=\/wp\/v2\/pages\/1024","targetHints":{"allow":["GET"]}}],"collection":[{"href":"https:\/\/drk-jestetten.de\/index.php?rest_route=\/wp\/v2\/pages"}],"about":[{"href":"https:\/\/drk-jestetten.de\/index.php?rest_route=\/wp\/v2\/types\/page"}],"author":[{"embeddable":true,"href":"https:\/\/drk-jestetten.de\/index.php?rest_route=\/wp\/v2\/users\/1"}],"replies":[{"embeddable":true,"href":"https:\/\/drk-jestetten.de\/index.php?rest_route=%2Fwp%2Fv2%2Fcomments&post=1024"}],"version-history":[{"count":5,"href":"https:\/\/drk-jestetten.de\/index.php?rest_route=\/wp\/v2\/pages\/1024\/revisions"}],"predecessor-version":[{"id":1308,"href":"https:\/\/drk-jestetten.de\/index.php?rest_route=\/wp\/v2\/pages\/1024\/revisions\/1308"}],"wp:attachment":[{"href":"https:\/\/drk-jestetten.de\/index.php?rest_route=%2Fwp%2Fv2%2Fmedia&parent=1024"}],"curies":[{"name":"wp","href":"https:\/\/api.w.org\/{rel}","templated":true}]}}