{"id":1254,"date":"2026-04-12T06:11:47","date_gmt":"2026-04-12T06:11:47","guid":{"rendered":"https:\/\/drk-jestetten.de\/?page_id=1254"},"modified":"2026-04-12T06:11:47","modified_gmt":"2026-04-12T06:11:47","slug":"leitbild","status":"publish","type":"page","link":"https:\/\/drk-jestetten.de\/?page_id=1254","title":{"rendered":"Leitbild"},"content":{"rendered":"\n<p class=\"wp-block-paragraph\"><strong>Wir vom Roten Kreuz sind Teil einer weltweiten Gemeinschaft von Menschen in der internationalen Rotkreuz und Rothalbmondbewegung, die Opfern von Konflikten und Katastrophen sowie anderen hilfsbed\u00fcrftigen Menschen unterschiedslos Hilfe gew\u00e4hrt, allein nach dem Ma\u00df ihrer Not.&nbsp; Im Zeichen der Menschlichkeit setzen wir uns f\u00fcr das Leben, die Gesundheit, das Wohlergehen, den Schutz, das friedliche Zusammenleben und die W\u00fcrde aller Menschen ein.&nbsp;<\/strong><\/p>\n\n\n\n<h2 class=\"wp-block-heading\">Der hilfebed\u00fcrftige Mensch<\/h2>\n\n\n\n<p class=\"wp-block-paragraph\">Wir sch\u00fctzen und helfen dort, wo menschliches Leiden zu verh\u00fcten und zu lindern ist.&nbsp;<\/p>\n\n\n\n<h2 class=\"wp-block-heading\">Die unparteiliche Hilfeleistung<\/h2>\n\n\n\n<p class=\"wp-block-paragraph\">Alle Hilfebed\u00fcrftigen haben den gleichen Anspruch auf Hilfe, ohne Ansehen der Nationalit\u00e4t, der Rasse, der Religion, des Geschlechts, der sozialen Stellung oder der politischen \u00dcberzeugung. Wir setzen die verf\u00fcgbaren Mittel allein nach dem Ma\u00df der Not und der Dringlichkeit der Hilfe ein. Unsere freiwillige Hilfeleistung soll die Selbsthilfekr\u00e4fte der Hilfebed\u00fcrftigen wiederherstellen.&nbsp;<\/p>\n\n\n\n<h2 class=\"wp-block-heading\">Neutral im Zeichen der Menschlichkeit<\/h2>\n\n\n\n<p class=\"wp-block-paragraph\">Wir sehen uns ausschlie\u00dflich als Helfer und Anw\u00e4lte der Hilfebed\u00fcrftigen und enthalten uns zu jeder Zeit der Teilnahme an politischen, rassischen oder religi\u00f6sen Auseinandersetzungen. Wir sind jedoch nicht bereit, Unmenschlichkeit hinzunehmen und erheben deshalb, wo geboten, unsere Stimme gegen ihre Ursachen.&nbsp;<\/p>\n\n\n\n<h2 class=\"wp-block-heading\">Die Menschen im Roten Kreuz<\/h2>\n\n\n\n<p class=\"wp-block-paragraph\">Wir k\u00f6nnen unseren Auftrag nur erf\u00fcllen, wenn wir Menschen, insbesondere als unentgeltlich t\u00e4tige Freiwillige, f\u00fcr unsere Aufgaben gewinnen. Von ihnen wird unsere Arbeit getragen, n\u00e4mlich von engagierten, fachlich und menschlich qualifizierten, ehrenamtlichen, aber auch von gleicherma\u00dfen hauptamtlichen Mitarbeiterinnen und Mitarbeitern, deren Verh\u00e4ltnis untereinander von Gleichwertigkeit und gegenseitigem Vertrauen gekennzeichnet ist.&nbsp;<\/p>\n\n\n\n<h2 class=\"wp-block-heading\">Unsere Leistungen<\/h2>\n\n\n\n<p class=\"wp-block-paragraph\">Wir bieten alle Leistungen an, die zur Erf\u00fcllung unseres Auftrages erforderlich sind. Sie sollen im Umfang und Qualit\u00e4t h\u00f6chsten Anforderungen gen\u00fcgen. Wir k\u00f6nnen Aufgaben nur dann \u00fcbernehmen, wenn fachliches K\u00f6nnen und finanzielle Mittel ausreichend vorhanden sind.&nbsp;<\/p>\n\n\n\n<h2 class=\"wp-block-heading\">Unsere Str\u00e4rken<\/h2>\n\n\n\n<p class=\"wp-block-paragraph\">Wir sind die Nationale Rotkreuzgesellschaft der Bundesrepublik Deutschland. Wir treten unter einer weltweit wirksamen gemeinsamen Idee mit einheitlichem Erscheinungsbild und in gleicher Struktur auf. Die f\u00f6deralistische Struktur unseres Verbandes erm\u00f6glicht Beweglichkeit und schnelles koordiniertes Handeln. Doch nur die B\u00fcndelung unserer Erfahrungen und die gemeinsame Nutzung unserer personellen und materiellen Mittel sichern unsere Leistungsst\u00e4rke.&nbsp;<\/p>\n\n\n\n<h2 class=\"wp-block-heading\">Das Verh\u00e4ltnis zu anderen<\/h2>\n\n\n\n<p class=\"wp-block-paragraph\">Zur Erf\u00fcllung unserer Aufgaben kooperieren wir mit allen Institutionen und Organisationen aus Staat und Gesellschaft, die uns in Erf\u00fcllung der selbstgesteckten Ziele und Aufgaben behilflich oder n\u00fctzlich sein k\u00f6nnen und\/oder vergleichbare Zielsetzungen haben. Wir bewahren dabei unsere Unabh\u00e4ngigkeit. Wir stellen uns dem Wettbewerb mit anderen, indem wir die Qualit\u00e4t unserer Hilfeleistung, aber auch ihre Wirtschaftlichkeit verbessern.<\/p>\n","protected":false},"excerpt":{"rendered":"<p>Wir vom Roten Kreuz sind Teil einer weltweiten Gemeinschaft von Menschen in der internationalen Rotkreuz und Rothalbmondbewegung, die Opfern von Konflikten und Katastrophen sowie anderen hilfsbed\u00fcrftigen Menschen unterschiedslos Hilfe gew\u00e4hrt, allein nach dem Ma\u00df ihrer Not.&nbsp; Im Zeichen der Menschlichkeit setzen wir uns f\u00fcr das Leben, die Gesundheit, das Wohlergehen, den Schutz, das friedliche Zusammenleben [&hellip;]<\/p>\n","protected":false},"author":1,"featured_media":0,"parent":0,"menu_order":0,"comment_status":"closed","ping_status":"closed","template":"","meta":{"_crdt_document":"{\"document\":\"AAAH3+6LlAONAY4BBpIBBAIBAQgASAIISoAPAQEIAkJIAIQBAQEIAkJIAIQDAQEIAkJIAI4BAQEIAkJIAKIMAQEIAkJIAJoBAQEIAkJIAIgKAQEIAkJIAIYBAQEIAkJIAIgOAQEIAkJIADIBAQgCQkgAsAgBAQgCQkgALgEBCAJCSACmDgEBCAJCSACCAQEBCAJCSPZVxAGGAQEIzwEoASEAJwAEACcBKAQnACgAJwAHACgCJwEoACcAqAAEAIcAKAInAQQAKAAnAIcAKAInAQQAKAAnAIcAKAInAQQAKAAnAIcAKAInAQQAKAAnAIcAKAInAQQAKAAnAIcAKAInAQQAKAAnAIcAKAInAQQAKAAnAIcAKAInAQQAKAAnAIcAKAInAQQAKAAnAIcAKAInAQQAKAAnAIcAKAInAQQAKAAnAIcAKAInAQQAKAAnAIcAKAInAQQAKAAnAIcAKAInAQQAKAAnAEQAhACoAATCQaFAc3RhdGV2ZXJzaW9uZG9jdW1lbnRkYXRlZG9jdW1lbnRzdGF0dXNkb2N1bWVudHRpdGxlQXV0b21hdGlzY2ggZ2VzcGVpY2hlcnRlciBFbnR3dXJmZG9jdW1lbnRjb250ZW50ZG9jdW1lbnRleGNlcnB0ZG9jdW1lbnRhdXRob3Jkb2N1bWVudGZlYXR1cmVkX21lZGlhZG9jdW1lbnRjb21tZW50X3N0YXR1c2RvY3VtZW50cGluZ19zdGF0dXNkb2N1bWVudHRlbXBsYXRlZG9jdW1lbnRtZXRhZm9vdG5vdGVzZG9jdW1lbnRibG9ja3NjbGllbnRJZGlzVmFsaWRuYW1lYXR0cmlidXRlc2NvbnRlbnRkcm9wQ2FwaW5uZXJCbG9ja3M8c3Ryb25nPldpciB2b20gUm90ZW4gS3JldXogc2luZCBUZWlsIGVpbmVyIHdlbHR3ZWl0ZW4gR2VtZWluc2NoYWZ0IHZvbiBNZW5zY2hlbiBpbiBkZXIgaW50ZXJuYXRpb25hbGVuIFJvdGtyZXV6IHVuZCBSb3RoYWxibW9uZGJld2VndW5nLCBkaWUgT3BmZXJuIHZvbiBLb25mbGlrdGVuIHVuZCBLYXRhc3Ryb3BoZW4gc293aWUgYW5kZXJlbiBoaWxmc2JlZMO8cmZ0aWdlbiBNZW5zY2hlbiB1bnRlcnNjaGllZHNsb3MgSGlsZmUgZ2V3w6RocnQsIGFsbGVpbiBuYWNoIGRlbSBNYcOfIGlocmVyIE5vdC4mbmJzcDsgSW0gWmVpY2hlbiBkZXIgTWVuc2NobGljaGtlaXQgc2V0emVuIHdpciB1bnMgZsO8ciBkYXMgTGViZW4sIGRpZSBHZXN1bmRoZWl0LCBkYXMgV29obGVyZ2VoZW4sIGRlbiBTY2h1dHosIGRhcyBmcmllZGxpY2hlIFp1c2FtbWVubGViZW4gdW5kIGRpZSBXw7xyZGUgYWxsZXIgTWVuc2NoZW4gZWluLiZuYnNwOzwvc3Ryb25nPmNsaWVudElkaXNWYWxpZG5hbWVhdHRyaWJ1dGVzY29udGVudERlciBoaWxmZWJlZMO8cmZ0aWdlIE1lbnNjaGxldmVsaW5uZXJCbG9ja3NjbGllbnRJZGlzVmFsaWRuYW1lYXR0cmlidXRlc2NvbnRlbnRXaXIgc2Now7x0emVuIHVuZCBoZWxmZW4gZG9ydCwgd28gbWVuc2NobGljaGVzIExlaWRlbiB6dSB2ZXJow7x0ZW4gdW5kIHp1IGxpbmRlcm4gaXN0LiZuYnNwO2Ryb3BDYXBpbm5lckJsb2Nrc2NsaWVudElkaXNWYWxpZG5hbWVhdHRyaWJ1dGVzY29udGVudERpZSB1bnBhcnRlaWxpY2hlIEhpbGZlbGVpc3R1bmdsZXZlbGlubmVyQmxvY2tzY2xpZW50SWRpc1ZhbGlkbmFtZWF0dHJpYnV0ZXNjb250ZW50QWxsZSBIaWxmZWJlZMO8cmZ0aWdlbiBoYWJlbiBkZW4gZ2xlaWNoZW4gQW5zcHJ1Y2ggYXVmIEhpbGZlLCBvaG5lIEFuc2VoZW4gZGVyIE5hdGlvbmFsaXTDpHQsIGRlciBSYXNzZSwgZGVyIFJlbGlnaW9uLCBkZXMgR2VzY2hsZWNodHMsIGRlciBzb3ppYWxlbiBTdGVsbHVuZyBvZGVyIGRlciBwb2xpdGlzY2hlbiDDnGJlcnpldWd1bmcuIFdpciBzZXR6ZW4gZGllIHZlcmbDvGdiYXJlbiBNaXR0ZWwgYWxsZWluIG5hY2ggZGVtIE1hw58gZGVyIE5vdCB1bmQgZGVyIERyaW5nbGljaGtlaXQgZGVyIEhpbGZlIGVpbi4gVW5zZXJlIGZyZWl3aWxsaWdlIEhpbGZlbGVpc3R1bmcgc29sbCBkaWUgU2VsYnN0aGlsZmVrcsOkZnRlIGRlciBIaWxmZWJlZMO8cmZ0aWdlbiB3aWVkZXJoZXJzdGVsbGVuLiZuYnNwO2Ryb3BDYXBpbm5lckJsb2Nrc2NsaWVudElkaXNWYWxpZG5hbWVhdHRyaWJ1dGVzY29udGVudE5ldXRyYWwgaW0gWmVpY2hlbiBkZXIgTWVuc2NobGljaGtlaXRsZXZlbGlubmVyQmxvY2tzY2xpZW50SWRpc1ZhbGlkbmFtZWF0dHJpYnV0ZXNjb250ZW50V2lyIHNlaGVuIHVucyBhdXNzY2hsaWXDn2xpY2ggYWxzIEhlbGZlciB1bmQgQW53w6RsdGUgZGVyIEhpbGZlYmVkw7xyZnRpZ2VuIHVuZCBlbnRoYWx0ZW4gdW5zIHp1IGplZGVyIFplaXQgZGVyIFRlaWxuYWhtZSBhbiBwb2xpdGlzY2hlbiwgcmFzc2lzY2hlbiBvZGVyIHJlbGlnacO2c2VuIEF1c2VpbmFuZGVyc2V0enVuZ2VuLiBXaXIgc2luZCBqZWRvY2ggbmljaHQgYmVyZWl0LCBVbm1lbnNjaGxpY2hrZWl0IGhpbnp1bmVobWVuIHVuZCBlcmhlYmVuIGRlc2hhbGIsIHdvIGdlYm90ZW4sIHVuc2VyZSBTdGltbWUgZ2VnZW4gaWhyZSBVcnNhY2hlbi4mbmJzcDtkcm9wQ2FwaW5uZXJCbG9ja3NjbGllbnRJZGlzVmFsaWRuYW1lYXR0cmlidXRlc2NvbnRlbnREaWUgTWVuc2NoZW4gaW0gUm90ZW4gS3JldXpsZXZlbGlubmVyQmxvY2tzY2xpZW50SWRpc1ZhbGlkbmFtZWF0dHJpYnV0ZXNjb250ZW50V2lyIGvDtm5uZW4gdW5zZXJlbiBBdWZ0cmFnIG51ciBlcmbDvGxsZW4sIHdlbm4gd2lyIE1lbnNjaGVuLCBpbnNiZXNvbmRlcmUgYWxzIHVuZW50Z2VsdGxpY2ggdMOkdGlnZSBGcmVpd2lsbGlnZSwgZsO8ciB1bnNlcmUgQXVmZ2FiZW4gZ2V3aW5uZW4uIFZvbiBpaG5lbiB3aXJkIHVuc2VyZSBBcmJlaXQgZ2V0cmFnZW4sIG7DpG1saWNoIHZvbiBlbmdhZ2llcnRlbiwgZmFjaGxpY2ggdW5kIG1lbnNjaGxpY2ggcXVhbGlmaXppZXJ0ZW4sIGVocmVuYW10bGljaGVuLCBhYmVyIGF1Y2ggdm9uIGdsZWljaGVybWHDn2VuIGhhdXB0YW10bGljaGVuIE1pdGFyYmVpdGVyaW5uZW4gdW5kIE1pdGFyYmVpdGVybiwgZGVyZW4gVmVyaMOkbHRuaXMgdW50ZXJlaW5hbmRlciB2b24gR2xlaWNod2VydGlna2VpdCB1bmQgZ2VnZW5zZWl0aWdlbSBWZXJ0cmF1ZW4gZ2VrZW5uemVpY2huZXQgaXN0LiZuYnNwO2Ryb3BDYXBpbm5lckJsb2Nrc2NsaWVudElkaXNWYWxpZG5hbWVhdHRyaWJ1dGVzY29udGVudFVuc2VyZSBMZWlzdHVuZ2VubGV2ZWxpbm5lckJsb2Nrc2NsaWVudElkaXNWYWxpZG5hbWVhdHRyaWJ1dGVzY29udGVudFdpciBiaWV0ZW4gYWxsZSBMZWlzdHVuZ2VuIGFuLCBkaWUgenVyIEVyZsO8bGx1bmcgdW5zZXJlcyBBdWZ0cmFnZXMgZXJmb3JkZXJsaWNoIHNpbmQuIFNpZSBzb2xsZW4gaW0gVW1mYW5nIHVuZCBRdWFsaXTDpHQgaMO2Y2hzdGVuIEFuZm9yZGVydW5nZW4gZ2Vuw7xnZW4uIFdpciBrw7ZubmVuIEF1ZmdhYmVuIG51ciBkYW5uIMO8YmVybmVobWVuLCB3ZW5uIGZhY2hsaWNoZXMgS8O2bm5lbiB1bmQgZmluYW56aWVsbGUgTWl0dGVsIGF1c3JlaWNoZW5kIHZvcmhhbmRlbiBzaW5kLiZuYnNwO2Ryb3BDYXBpbm5lckJsb2Nrc2NsaWVudElkaXNWYWxpZG5hbWVhdHRyaWJ1dGVzY29udGVudFVuc2VyZSBTdHLDpHJrZW5sZXZlbGlubmVyQmxvY2tzY2xpZW50SWRpc1ZhbGlkbmFtZWF0dHJpYnV0ZXNjb250ZW50V2lyIHNpbmQgZGllIE5hdGlvbmFsZSBSb3RrcmV1emdlc2VsbHNjaGFmdCBkZXIgQnVuZGVzcmVwdWJsaWsgRGV1dHNjaGxhbmQuIFdpciB0cmV0ZW4gdW50ZXIgZWluZXIgd2VsdHdlaXQgd2lya3NhbWVuIGdlbWVpbnNhbWVuIElkZWUgbWl0IGVpbmhlaXRsaWNoZW0gRXJzY2hlaW51bmdzYmlsZCB1bmQgaW4gZ2xlaWNoZXIgU3RydWt0dXIgYXVmLiBEaWUgZsO2ZGVyYWxpc3Rpc2NoZSBTdHJ1a3R1ciB1bnNlcmVzIFZlcmJhbmRlcyBlcm3DtmdsaWNodCBCZXdlZ2xpY2hrZWl0IHVuZCBzY2huZWxsZXMga29vcmRpbmllcnRlcyBIYW5kZWxuLiBEb2NoIG51ciBkaWUgQsO8bmRlbHVuZyB1bnNlcmVyIEVyZmFocnVuZ2VuIHVuZCBkaWUgZ2VtZWluc2FtZSBOdXR6dW5nIHVuc2VyZXIgcGVyc29uZWxsZW4gdW5kIG1hdGVyaWVsbGVuIE1pdHRlbCBzaWNoZXJuIHVuc2VyZSBMZWlzdHVuZ3NzdMOkcmtlLiZuYnNwO2Ryb3BDYXBpbm5lckJsb2Nrc2NsaWVudElkaXNWYWxpZG5hbWVhdHRyaWJ1dGVzY29udGVudERhcyBWZXJow6RsdG5pcyB6dSBhbmRlcmVubGV2ZWxpbm5lckJsb2Nrc2NsaWVudElkaXNWYWxpZG5hbWVhdHRyaWJ1dGVzY29udGVudFp1ciBFcmbDvGxsdW5nIHVuc2VyZXIgQXVmZ2FiZW4ga29vcGVyaWVyZW4gd2lyIG1pdCBhbGxlbiBJbnN0aXR1dGlvbmVuIHVuZCBPcmdhbmlzYXRpb25lbiBhdXMgU3RhYXQgdW5kIEdlc2VsbHNjaGFmdCwgZGllIHVucyBpbiBFcmbDvGxsdW5nIGRlciBzZWxic3RnZXN0ZWNrdGVuIFppZWxlIHVuZCBBdWZnYWJlbiBiZWhpbGZsaWNoIG9kZXIgbsO8dHpsaWNoIHNlaW4ga8O2bm5lbiB1bmQvb2RlciB2ZXJnbGVpY2hiYXJlIFppZWxzZXR6dW5nZW4gaGFiZW4uIFdpciBiZXdhaHJlbiBkYWJlaSB1bnNlcmUgVW5hYmjDpG5naWdrZWl0LiBXaXIgc3RlbGxlbiB1bnMgZGVtIFdldHRiZXdlcmIgbWl0IGFuZGVyZW4sIGluZGVtIHdpciBkaWUgUXVhbGl0w6R0IHVuc2VyZXIgSGlsZmVsZWlzdHVuZywgYWJlciBhdWNoIGlocmUgV2lydHNjaGFmdGxpY2hrZWl0IHZlcmJlc3Nlcm4uZHJvcENhcGlubmVyQmxvY2tzTGVpdGJpbGQ8IS0tIHdwOnBhcmFncmFwaCAtLT4KPHA+PHN0cm9uZz5XaXIgdm9tIFJvdGVuIEtyZXV6IHNpbmQgVGVpbCBlaW5lciB3ZWx0d2VpdGVuIEdlbWVpbnNjaGFmdCB2b24gTWVuc2NoZW4gaW4gZGVyIGludGVybmF0aW9uYWxlbiBSb3RrcmV1eiB1bmQgUm90aGFsYm1vbmRiZXdlZ3VuZywgZGllIE9wZmVybiB2b24gS29uZmxpa3RlbiB1bmQgS2F0YXN0cm9waGVuIHNvd2llIGFuZGVyZW4gaGlsZnNiZWTDvHJmdGlnZW4gTWVuc2NoZW4gdW50ZXJzY2hpZWRzbG9zIEhpbGZlIGdld8OkaHJ0LCBhbGxlaW4gbmFjaCBkZW0gTWHDnyBpaHJlciBOb3QuJm5ic3A7IEltIFplaWNoZW4gZGVyIE1lbnNjaGxpY2hrZWl0IHNldHplbiB3aXIgdW5zIGbDvHIgZGFzIExlYmVuLCBkaWUgR2VzdW5kaGVpdCwgZGFzIFdvaGxlcmdlaGVuLCBkZW4gU2NodXR6LCBkYXMgZnJpZWRsaWNoZSBadXNhbW1lbmxlYmVuIHVuZCBkaWUgV8O8cmRlIGFsbGVyIE1lbnNjaGVuIGVpbi4mbmJzcDs8L3N0cm9uZz48L3A+CjwhLS0gL3dwOnBhcmFncmFwaCAtLT4KCjwhLS0gd3A6aGVhZGluZyAtLT4KPGgyIGNsYXNzPSJ3cC1ibG9jay1oZWFkaW5nIj5EZXIgaGlsZmViZWTDvHJmdGlnZSBNZW5zY2g8L2gyPgo8IS0tIC93cDpoZWFkaW5nIC0tPgoKPCEtLSB3cDpwYXJhZ3JhcGggLS0+CjxwPldpciBzY2jDvHR6ZW4gdW5kIGhlbGZlbiBkb3J0LCB3byBtZW5zY2hsaWNoZXMgTGVpZGVuIHp1IHZlcmjDvHRlbiB1bmQgenUgbGluZGVybiBpc3QuJm5ic3A7PC9wPgo8IS0tIC93cDpwYXJhZ3JhcGggLS0+Cgo8IS0tIHdwOmhlYWRpbmcgLS0+CjxoMiBjbGFzcz0id3AtYmxvY2staGVhZGluZyI+RGllIHVucGFydGVpbGljaGUgSGlsZmVsZWlzdHVuZzwvaDI+CjwhLS0gL3dwOmhlYWRpbmcgLS0+Cgo8IS0tIHdwOnBhcmFncmFwaCAtLT4KPHA+QWxsZSBIaWxmZWJlZMO8cmZ0aWdlbiBoYWJlbiBkZW4gZ2xlaWNoZW4gQW5zcHJ1Y2ggYXVmIEhpbGZlLCBvaG5lIEFuc2VoZW4gZGVyIE5hdGlvbmFsaXTDpHQsIGRlciBSYXNzZSwgZGVyIFJlbGlnaW9uLCBkZXMgR2VzY2hsZWNodHMsIGRlciBzb3ppYWxlbiBTdGVsbHVuZyBvZGVyIGRlciBwb2xpdGlzY2hlbiDDnGJlcnpldWd1bmcuIFdpciBzZXR6ZW4gZGllIHZlcmbDvGdiYXJlbiBNaXR0ZWwgYWxsZWluIG5hY2ggZGVtIE1hw58gZGVyIE5vdCB1bmQgZGVyIERyaW5nbGljaGtlaXQgZGVyIEhpbGZlIGVpbi4gVW5zZXJlIGZyZWl3aWxsaWdlIEhpbGZlbGVpc3R1bmcgc29sbCBkaWUgU2VsYnN0aGlsZmVrcsOkZnRlIGRlciBIaWxmZWJlZMO8cmZ0aWdlbiB3aWVkZXJoZXJzdGVsbGVuLiZuYnNwOzwvcD4KPCEtLSAvd3A6cGFyYWdyYXBoIC0tPgoKPCEtLSB3cDpoZWFkaW5nIC0tPgo8aDIgY2xhc3M9IndwLWJsb2NrLWhlYWRpbmciPk5ldXRyYWwgaW0gWmVpY2hlbiBkZXIgTWVuc2NobGljaGtlaXQ8L2gyPgo8IS0tIC93cDpoZWFkaW5nIC0tPgoKPCEtLSB3cDpwYXJhZ3JhcGggLS0+CjxwPldpciBzZWhlbiB1bnMgYXVzc2NobGllw59saWNoIGFscyBIZWxmZXIgdW5kIEFud8OkbHRlIGRlciBIaWxmZWJlZMO8cmZ0aWdlbiB1bmQgZW50aGFsdGVuIHVucyB6dSBqZWRlciBaZWl0IGRlciBUZWlsbmFobWUgYW4gcG9saXRpc2NoZW4sIHJhc3Npc2NoZW4gb2RlciByZWxpZ2nDtnNlbiBBdXNlaW5hbmRlcnNldHp1bmdlbi4gV2lyIHNpbmQgamVkb2NoIG5pY2h0IGJlcmVpdCwgVW5tZW5zY2hsaWNoa2VpdCBoaW56dW5laG1lbiB1bmQgZXJoZWJlbiBkZXNoYWxiLCB3byBnZWJvdGVuLCB1bnNlcmUgU3RpbW1lIGdlZ2VuIGlocmUgVXJzYWNoZW4uJm5ic3A7PC9wPgo8IS0tIC93cDpwYXJhZ3JhcGggLS0+Cgo8IS0tIHdwOmhlYWRpbmcgLS0+CjxoMiBjbGFzcz0id3AtYmxvY2staGVhZGluZyI+RGllIE1lbnNjaGVuIGltIFJvdGVuIEtyZXV6PC9oMj4KPCEtLSAvd3A6aGVhZGluZyAtLT4KCjwhLS0gd3A6cGFyYWdyYXBoIC0tPgo8cD5XaXIga8O2bm5lbiB1bnNlcmVuIEF1ZnRyYWcgbnVyIGVyZsO8bGxlbiwgd2VubiB3aXIgTWVuc2NoZW4sIGluc2Jlc29uZGVyZSBhbHMgdW5lbnRnZWx0bGljaCB0w6R0aWdlIEZyZWl3aWxsaWdlLCBmw7xyIHVuc2VyZSBBdWZnYWJlbiBnZXdpbm5lbi4gVm9uIGlobmVuIHdpcmQgdW5zZXJlIEFyYmVpdCBnZXRyYWdlbiwgbsOkbWxpY2ggdm9uIGVuZ2FnaWVydGVuLCBmYWNobGljaCB1bmQgbWVuc2NobGljaCBxdWFsaWZpemllcnRlbiwgZWhyZW5hbXRsaWNoZW4sIGFiZXIgYXVjaCB2b24gZ2xlaWNoZXJtYcOfZW4gaGF1cHRhbXRsaWNoZW4gTWl0YXJiZWl0ZXJpbm5lbiB1bmQgTWl0YXJiZWl0ZXJuLCBkZXJlbiBWZXJow6RsdG5pcyB1bnRlcmVpbmFuZGVyIHZvbiBHbGVpY2h3ZXJ0aWdrZWl0IHVuZCBnZWdlbnNlaXRpZ2VtIFZlcnRyYXVlbiBnZWtlbm56ZWljaG5ldCBpc3QuJm5ic3A7PC9wPgo8IS0tIC93cDpwYXJhZ3JhcGggLS0+Cgo8IS0tIHdwOmhlYWRpbmcgLS0+CjxoMiBjbGFzcz0id3AtYmxvY2staGVhZGluZyI+VW5zZXJlIExlaXN0dW5nZW48L2gyPgo8IS0tIC93cDpoZWFkaW5nIC0tPgoKPCEtLSB3cDpwYXJhZ3JhcGggLS0+CjxwPldpciBiaWV0ZW4gYWxsZSBMZWlzdHVuZ2VuIGFuLCBkaWUgenVyIEVyZsO8bGx1bmcgdW5zZXJlcyBBdWZ0cmFnZXMgZXJmb3JkZXJsaWNoIHNpbmQuIFNpZSBzb2xsZW4gaW0gVW1mYW5nIHVuZCBRdWFsaXTDpHQgaMO2Y2hzdGVuIEFuZm9yZGVydW5nZW4gZ2Vuw7xnZW4uIFdpciBrw7ZubmVuIEF1ZmdhYmVuIG51ciBkYW5uIMO8YmVybmVobWVuLCB3ZW5uIGZhY2hsaWNoZXMgS8O2bm5lbiB1bmQgZmluYW56aWVsbGUgTWl0dGVsIGF1c3JlaWNoZW5kIHZvcmhhbmRlbiBzaW5kLiZuYnNwOzwvcD4KPCEtLSAvd3A6cGFyYWdyYXBoIC0tPgoKPCEtLSB3cDpoZWFkaW5nIC0tPgo8aDIgY2xhc3M9IndwLWJsb2NrLWhlYWRpbmciPlVuc2VyZSBTdHLDpHJrZW48L2gyPgo8IS0tIC93cDpoZWFkaW5nIC0tPgoKPCEtLSB3cDpwYXJhZ3JhcGggLS0+CjxwPldpciBzaW5kIGRpZSBOYXRpb25hbGUgUm90a3JldXpnZXNlbGxzY2hhZnQgZGVyIEJ1bmRlc3JlcHVibGlrIERldXRzY2hsYW5kLiBXaXIgdHJldGVuIHVudGVyIGVpbmVyIHdlbHR3ZWl0IHdpcmtzYW1lbiBnZW1laW5zYW1lbiBJZGVlIG1pdCBlaW5oZWl0bGljaGVtIEVyc2NoZWludW5nc2JpbGQgdW5kIGluIGdsZWljaGVyIFN0cnVrdHVyIGF1Zi4gRGllIGbDtmRlcmFsaXN0aXNjaGUgU3RydWt0dXIgdW5zZXJlcyBWZXJiYW5kZXMgZXJtw7ZnbGljaHQgQmV3ZWdsaWNoa2VpdCB1bmQgc2NobmVsbGVzIGtvb3JkaW5pZXJ0ZXMgSGFuZGVsbi4gRG9jaCBudXIgZGllIELDvG5kZWx1bmcgdW5zZXJlciBFcmZhaHJ1bmdlbiB1bmQgZGllIGdlbWVpbnNhbWUgTnV0enVuZyB1bnNlcmVyIHBlcnNvbmVsbGVuIHVuZCBtYXRlcmllbGxlbiBNaXR0ZWwgc2ljaGVybiB1bnNlcmUgTGVpc3R1bmdzc3TDpHJrZS4mbmJzcDs8L3A+CjwhLS0gL3dwOnBhcmFncmFwaCAtLT4KCjwhLS0gd3A6aGVhZGluZyAtLT4KPGgyIGNsYXNzPSJ3cC1ibG9jay1oZWFkaW5nIj5EYXMgVmVyaMOkbHRuaXMgenUgYW5kZXJlbjwvaDI+CjwhLS0gL3dwOmhlYWRpbmcgLS0+Cgo8IS0tIHdwOnBhcmFncmFwaCAtLT4KPHA+WnVyIEVyZsO8bGx1bmcgdW5zZXJlciBBdWZnYWJlbiBrb29wZXJpZXJlbiB3aXIgbWl0IGFsbGVuIEluc3RpdHV0aW9uZW4gdW5kIE9yZ2FuaXNhdGlvbmVuIGF1cyBTdGFhdCB1bmQgR2VzZWxsc2NoYWZ0LCBkaWUgdW5zIGluIEVyZsO8bGx1bmcgZGVyIHNlbGJzdGdlc3RlY2t0ZW4gWmllbGUgdW5kIEF1ZmdhYmVuIGJlaGlsZmxpY2ggb2RlciBuw7x0emxpY2ggc2VpbiBrw7ZubmVuIHVuZC9vZGVyIHZlcmdsZWljaGJhcmUgWmllbHNldHp1bmdlbiBoYWJlbi4gV2lyIGJld2FocmVuIGRhYmVpIHVuc2VyZSBVbmFiaMOkbmdpZ2tlaXQuIFdpciBzdGVsbGVuIHVucyBkZW0gV2V0dGJld2VyYiBtaXQgYW5kZXJlbiwgaW5kZW0gd2lyIGRpZSBRdWFsaXTDpHQgdW5zZXJlciBIaWxmZWxlaXN0dW5nLCBhYmVyIGF1Y2ggaWhyZSBXaXJ0c2NoYWZ0bGljaGtlaXQgdmVyYmVzc2Vybi48L3A+CjwhLS0gL3dwOnBhcmFncmFwaCAtLT4FBwgECAYIBSEIBwgHCAYIDggOCAtIAQQJCAYIBwQKRwALlwcIBwQKBxoFCwgHBAoHmgEHCwgHBAoHHwULCAcECgeJBgcLCAcECgclBQsIBwQKB7wEBwsIBwQKBxsFCwgHBAoHvAYHCwgHBAoHEQULCAcECgeQBAcLCAcECgcPBQsIBwQKB4sHBwsIBwQKBxkFCwgHBAoHtQYHCwEHvT4LAQMAAAEHAAABAABAQgEBAEEAAgBBAAIAQQACAEEAAgBBAAIAQQACAEEAAgBBAAIAQQACAEEAAgBBAAIAQQACAEEAAgBBAAIAQQACAAJBRQGbAQB9AXcTMjAyNi0wNC0xMlQwNjoxMToyNH0BfQB3BmNsb3NlZHcGY2xvc2VkdwB3AHckMDE5ODU1NDYtNmZhOC00MjgyLTllMTEtYmQyNjBjNzg2ZWQzeHcOY29yZS9wYXJhZ3JhcGh5dyQ2Y2VkZDMzNy02YjlmLTQ4YTAtOWNlOC04NmZkYTRmZDA4ODV3JDNjMzUyYTA3LWE3YTMtNGMwNy05NDljLTUyYzhkNjJlODM4MXh3DGNvcmUvaGVhZGluZ30CdyQ4ZTgyYzY5ZS04NTc4LTRkOWUtOGIxZC0zMmExNzU5MGUzM2N4dw5jb3JlL3BhcmFncmFwaHl3JDUwMDQ4NTZiLTFhNTAtNDgzNy1iMTYzLTRiMmQwNWIxMzI5MHh3DGNvcmUvaGVhZGluZ30CdyQ4ZDBjYTM5Ni02NzMzLTRlZjctOGZmMy03Y2U3YjQ2YThhOGZ4dw5jb3JlL3BhcmFncmFwaHl3JDM1NzY3NTFlLTg1ZTItNDgxOC1iOWQ4LWEzYmRlMDIyZDViZnh3DGNvcmUvaGVhZGluZ30CdyQ5N2Y2Y2Y2My1lNWUyLTQxZmItYjhlOS1kOGU4ZGVjMmYzYmZ4dw5jb3JlL3BhcmFncmFwaHl3JDBlMGQ5MzZmLTY0ZTUtNGY2My1hZGRiLTRjNTdmMWI1MDYxNXh3DGNvcmUvaGVhZGluZ30CdyQ4NjE1YTE4YS1mYzEzLTQ2NTMtOWY2My1iNDZjMWRlYWZlYjN4dw5jb3JlL3BhcmFncmFwaHl3JGQwZDYyZDUwLTMxMmUtNDUzNi1hNDNiLTk5NjVjZTc3N2Y3NHh3DGNvcmUvaGVhZGluZ30CdyRkOWNjMzgwYi1lNjJhLTQ2MWUtYWIwZi03N2I2MzkzNDViNmF4dw5jb3JlL3BhcmFncmFwaHl3JGExNmJhNDE2LTY5YmMtNDA3My04OWUwLWQyOTJmNzUwOTVjZHh3DGNvcmUvaGVhZGluZ30CdyQ2OTA3Njg4Mi03YjA1LTQ5NzMtODdiOS1kZjdhODhkMGFiNGJ4dw5jb3JlL3BhcmFncmFwaHl3JDM1MDliZTY2LTkxYjctNGFmYy04YzQyLTRkNzEwMmMxNGNkM3h3DGNvcmUvaGVhZGluZ30CdyRjNDUxNDE3YS01MWU0LTQyYWMtYmYyMC1hNzk4ZTQ2NzMwYmV4dw5jb3JlL3BhcmFncmFwaHl3B3B1Ymxpc2gBn\/eFygEDAgABIAsA\",\"updateId\":370885675}","footnotes":""},"class_list":["post-1254","page","type-page","status-publish","hentry"],"_links":{"self":[{"href":"https:\/\/drk-jestetten.de\/index.php?rest_route=\/wp\/v2\/pages\/1254","targetHints":{"allow":["GET"]}}],"collection":[{"href":"https:\/\/drk-jestetten.de\/index.php?rest_route=\/wp\/v2\/pages"}],"about":[{"href":"https:\/\/drk-jestetten.de\/index.php?rest_route=\/wp\/v2\/types\/page"}],"author":[{"embeddable":true,"href":"https:\/\/drk-jestetten.de\/index.php?rest_route=\/wp\/v2\/users\/1"}],"replies":[{"embeddable":true,"href":"https:\/\/drk-jestetten.de\/index.php?rest_route=%2Fwp%2Fv2%2Fcomments&post=1254"}],"version-history":[{"count":1,"href":"https:\/\/drk-jestetten.de\/index.php?rest_route=\/wp\/v2\/pages\/1254\/revisions"}],"predecessor-version":[{"id":1256,"href":"https:\/\/drk-jestetten.de\/index.php?rest_route=\/wp\/v2\/pages\/1254\/revisions\/1256"}],"wp:attachment":[{"href":"https:\/\/drk-jestetten.de\/index.php?rest_route=%2Fwp%2Fv2%2Fmedia&parent=1254"}],"curies":[{"name":"wp","href":"https:\/\/api.w.org\/{rel}","templated":true}]}}