{"id":594,"date":"2021-07-17T08:35:39","date_gmt":"2021-07-17T08:35:39","guid":{"rendered":"https:\/\/drk-jestetten.de\/?page_id=594"},"modified":"2026-04-10T13:19:02","modified_gmt":"2026-04-10T13:19:02","slug":"first-responder-helfer-vor-ort","status":"publish","type":"page","link":"https:\/\/drk-jestetten.de\/?page_id=594","title":{"rendered":"First Responder \u2013 Helfer vor Ort"},"content":{"rendered":"\n<p class=\"wp-block-paragraph\"><strong>\u201eFirst Responder\u201c bedeutet erste Hilfe vor Ort, Ersthelfer und professionelle Nachbarschaftshilfe. Sie sind ein zus\u00e4tzliches Glied in der Rettungskette. Gut ausgebildete, freiwillige Helfer unseres Ortsvereins \u00fcberbr\u00fccken als First Responder die therapiefreie Zeit bis zum Eintreffen des Notarztes oder Rettungsdienstes.<\/strong><\/p>\n\n\n\n<div class=\"wp-block-columns is-layout-flex wp-container-core-columns-is-layout-930feb06 wp-block-columns-is-layout-flex\">\n<div class=\"wp-block-column is-layout-flow wp-block-column-is-layout-flow\">\n<p class=\"wp-block-paragraph\">Wenn bei einem Notfall das n\u00e4chste Rettungsfahrzeug noch im Einsatz oder der Notfallort durch die ehrenamtlichen Helfer schneller als f\u00fcr den Rettungsdienst zu erreichen ist, alarmiert die zust\u00e4ndige Rettungsleitstelle zus\u00e4tzlich zum Rettungsdienst den First Responder. Dieser f\u00e4hrt meist mit seinem privaten PKW oder auch mit einem unserer Einsatzfahrzeuge an den Notfallort und beginnt mit der Versorgung des Patienten bis der Rettungsdienst eintrifft.<\/p>\n\n\n\n<p class=\"wp-block-paragraph\">First Responder f\u00fchren entsprechende lebenserhaltende Basisma\u00dfnahmen durch, wie z.B. Herz-Lungen-Wiederbelebung, Lagerung des Patienten, Betreuung, blutstillende Ma\u00dfnahmen usw. Eine wichtige Aufgabe ist auch die entsprechende fr\u00fche R\u00fcckmeldung an die Leitstelle.<\/p>\n<\/div>\n\n\n\n<div class=\"wp-block-column is-layout-flow wp-block-column-is-layout-flow\" style=\"flex-basis:20%\">\n<div class=\"wp-block-image\"><figure class=\"alignright size-large is-resized\"><img loading=\"lazy\" decoding=\"async\" src=\"https:\/\/drk-jestetten.de\/wp-content\/uploads\/2021\/07\/Firstresponder.jpg\" alt=\"\" class=\"wp-image-595\" width=\"166\" height=\"246\"\/><figcaption>Foto: A. Zelck, DRK<\/figcaption><\/figure><\/div>\n<\/div>\n<\/div>\n\n\n\n<p class=\"wp-block-paragraph\"><\/p>\n","protected":false},"excerpt":{"rendered":"<p>\u201eFirst Responder\u201c bedeutet erste Hilfe vor Ort, Ersthelfer und professionelle Nachbarschaftshilfe. Sie sind ein zus\u00e4tzliches Glied in der Rettungskette. Gut ausgebildete, freiwillige Helfer unseres Ortsvereins \u00fcberbr\u00fccken als First Responder die therapiefreie Zeit bis zum Eintreffen des Notarztes oder Rettungsdienstes. Wenn bei einem Notfall das n\u00e4chste Rettungsfahrzeug noch im Einsatz oder der Notfallort durch die ehrenamtlichen [&hellip;]<\/p>\n","protected":false},"author":1,"featured_media":0,"parent":0,"menu_order":0,"comment_status":"closed","ping_status":"closed","template":"","meta":{"_crdt_document":"{\"document\":\"AAAG6erLrhNbRgiCAbI8BAIBAgoCQkoAtAoBAgpKDgIBAwwCAQIKAkJKAJ4OAQIKAkJK7A6KFwECCkoOAgECCgEBCEgBDErqF4QZAQIKAEoAaygDJwAEACcABAAnACgEJwAoACcABwAoAycBBAAoACcAhwAoAycAKAAnAAcAKAMnAQcAKAMnAQQAKAAnAIcAKAMnAQQAKAAnAIcAKAMnACgAJwAHACgDJwAoAicABAAoDicAhwAoAycBKAAn0x\/eHnN0YXRldmVyc2lvbmRvY3VtZW50ZGF0ZWRvY3VtZW50c2x1Z2RvY3VtZW50c3RhdHVzZG9jdW1lbnR0aXRsZUZpcnN0IFJlc3BvbmRlciDigJMgSGVsZmVyIHZvciBPcnRkb2N1bWVudGNvbnRlbnQ8IS0tIHdwOnBhcmFncmFwaCAtLT4KPHA+PHN0cm9uZz7igJ5GaXJzdCBSZXNwb25kZXLigJwgYmVkZXV0ZXQgZXJzdGUgSGlsZmUgdm9yIE9ydCwgRXJzdGhlbGZlciB1bmQgcHJvZmVzc2lvbmVsbGUgTmFjaGJhcnNjaGFmdHNoaWxmZS4gU2llIHNpbmQgZWluIHp1c8OkdHpsaWNoZXMgR2xpZWQgaW4gZGVyIFJldHR1bmdza2V0dGUuIEd1dCBhdXNnZWJpbGRldGUsIGZyZWl3aWxsaWdlIEhlbGZlciB1bnNlcmVzIE9ydHN2ZXJlaW5zIMO8YmVyYnLDvGNrZW4gYWxzIEZpcnN0IFJlc3BvbmRlciBkaWUgdGhlcmFwaWVmcmVpZSBaZWl0IGJpcyB6dW0gRWludHJlZmZlbiBkZXMgTm90YXJ6dGVzIG9kZXIgUmV0dHVuZ3NkaWVuc3Rlcy48L3N0cm9uZz48L3A+CjwhLS0gL3dwOnBhcmFncmFwaCAtLT4KCjwhLS0gd3A6Y29sdW1ucyAtLT4KPGRpdiBjbGFzcz0id3AtYmxvY2stY29sdW1ucyI+PCEtLSB3cDpjb2x1bW4gLS0+CjxkaXYgY2xhc3M9IndwLWJsb2NrLWNvbHVtbiI+PCEtLSB3cDpwYXJhZ3JhcGggLS0+CjxwPldlbm4gYmVpIGVpbmVtIE5vdGZhbGwgZGFzIG7DpGNoc3RlIFJldHR1bmdzZmFocnpldWcgbm9jaCBpbSBFaW5zYXR6IG9kZXIgZGVyIE5vdGZhbGxvcnQgZHVyY2ggZGllIGVocmVuYW10bGljaGVuIEhlbGZlciBzY2huZWxsZXIgYWxzIGbDvHIgZGVuIFJldHR1bmdzZGllbnN0IHp1IGVycmVpY2hlbiBpc3QsIGFsYXJtaWVydCBkaWUgenVzdMOkbmRpZ2UgUmV0dHVuZ3NsZWl0c3RlbGxlIHp1c8OkdHpsaWNoIHp1bSBSZXR0dW5nc2RpZW5zdCBkZW4gRmlyc3QgUmVzcG9uZGVyLiBEaWVzZXIgZsOkaHJ0IG1laXN0IG1pdCBzZWluZW0gcHJpdmF0ZW4gUEtXIG9kZXIgYXVjaCBtaXQgZWluZW0gdW5zZXJlciBFaW5zYXR6ZmFocnpldWdlIGFuIGRlbiBOb3RmYWxsb3J0IHVuZCBiZWdpbm50IG1pdCBkZXIgVmVyc29yZ3VuZyBkZXMgUGF0aWVudGVuIGJpcyBkZXIgUmV0dHVuZ3NkaWVuc3QgZWludHJpZmZ0LjwvcD4KPCEtLSAvd3A6cGFyYWdyYXBoIC0tPgoKPCEtLSB3cDpwYXJhZ3JhcGggLS0+CjxwPkZpcnN0IFJlc3BvbmRlciBmw7xocmVuIGVudHNwcmVjaGVuZGUgbGViZW5zZXJoYWx0ZW5kZSBCYXNpc21hw59uYWhtZW4gZHVyY2gsIHdpZSB6LkIuIEhlcnotTHVuZ2VuLVdpZWRlcmJlbGVidW5nLCBMYWdlcnVuZyBkZXMgUGF0aWVudGVuLCBCZXRyZXV1bmcsIGJsdXRzdGlsbGVuZGUgTWHDn25haG1lbiB1c3cuIEVpbmUgd2ljaHRpZ2UgQXVmZ2FiZSBpc3QgYXVjaCBkaWUgZW50c3ByZWNoZW5kZSBmcsO8aGUgUsO8Y2ttZWxkdW5nIGFuIGRpZSBMZWl0c3RlbGxlLjwvcD4KPCEtLSAvd3A6cGFyYWdyYXBoIC0tPjwvZGl2Pgo8IS0tIC93cDpjb2x1bW4gLS0+Cgo8IS0tIHdwOmNvbHVtbiB7IndpZHRoIjoiMjAlIn0gLS0+CjxkaXYgY2xhc3M9IndwLWJsb2NrLWNvbHVtbiIgc3R5bGU9ImZsZXgtYmFzaXM6MjAlIj48IS0tIHdwOmltYWdlIHsiYWxpZ24iOiJyaWdodCIsImlkIjo1OTUsIndpZHRoIjoxNjYsImhlaWdodCI6MjQ2LCJzaXplU2x1ZyI6ImxhcmdlIiwibGlua0Rlc3RpbmF0aW9uIjoibm9uZSJ9IC0tPgo8ZGl2IGNsYXNzPSJ3cC1ibG9jay1pbWFnZSI+PGZpZ3VyZSBjbGFzcz0iYWxpZ25yaWdodCBzaXplLWxhcmdlIGlzLXJlc2l6ZWQiPjxpbWcgc3JjPSJodHRwczovL2Ryay1qZXN0ZXR0ZW4uZGUvd3AtY29udGVudC91cGxvYWRzLzIwMjEvMDcvRmlyc3RyZXNwb25kZXIuanBnIiBhbHQ9IiIgY2xhc3M9IndwLWltYWdlLTU5NSIgd2lkdGg9IjE2NiIgaGVpZ2h0PSIyNDYiLz48ZmlnY2FwdGlvbj5Gb3RvOiBBLiBaZWxjaywgRFJLPC9maWdjYXB0aW9uPjwvZmlndXJlPjwvZGl2Pgo8IS0tIC93cDppbWFnZSAtLT48L2Rpdj4KPCEtLSAvd3A6Y29sdW1uIC0tPjwvZGl2Pgo8IS0tIC93cDpjb2x1bW5zIC0tPgoKPCEtLSB3cDpwYXJhZ3JhcGggLS0+CjxwPjwvcD4KPCEtLSAvd3A6cGFyYWdyYXBoIC0tPmRvY3VtZW50ZXhjZXJwdGRvY3VtZW50YXV0aG9yZG9jdW1lbnRmZWF0dXJlZF9tZWRpYWRvY3VtZW50Y29tbWVudF9zdGF0dXNkb2N1bWVudHBpbmdfc3RhdHVzZG9jdW1lbnR0ZW1wbGF0ZWRvY3VtZW50bWV0YWZvb3Rub3Rlc2RvY3VtZW50YmxvY2tzY2xpZW50SWRpc1ZhbGlkb3JpZ2luYWxDb250ZW50bmFtZWF0dHJpYnV0ZXNjb250ZW50PHN0cm9uZz7igJ5GaXJzdCBSZXNwb25kZXLigJwgYmVkZXV0ZXQgZXJzdGUgSGlsZmUgdm9yIE9ydCwgRXJzdGhlbGZlciB1bmQgcHJvZmVzc2lvbmVsbGUgTmFjaGJhcnNjaGFmdHNoaWxmZS4gU2llIHNpbmQgZWluIHp1c8OkdHpsaWNoZXMgR2xpZWQgaW4gZGVyIFJldHR1bmdza2V0dGUuIEd1dCBhdXNnZWJpbGRldGUsIGZyZWl3aWxsaWdlIEhlbGZlciB1bnNlcmVzIE9ydHN2ZXJlaW5zIMO8YmVyYnLDvGNrZW4gYWxzIEZpcnN0IFJlc3BvbmRlciBkaWUgdGhlcmFwaWVmcmVpZSBaZWl0IGJpcyB6dW0gRWludHJlZmZlbiBkZXMgTm90YXJ6dGVzIG9kZXIgUmV0dHVuZ3NkaWVuc3Rlcy48L3N0cm9uZz5kcm9wQ2FwaW5uZXJCbG9ja3NjbGllbnRJZGlzVmFsaWRvcmlnaW5hbENvbnRlbnRuYW1lYXR0cmlidXRlc2lzU3RhY2tlZE9uTW9iaWxlaW5uZXJCbG9ja3NjbGllbnRJZGlzVmFsaWRvcmlnaW5hbENvbnRlbnRuYW1lYXR0cmlidXRlc2lubmVyQmxvY2tzY2xpZW50SWRpc1ZhbGlkb3JpZ2luYWxDb250ZW50bmFtZWF0dHJpYnV0ZXNjb250ZW50V2VubiBiZWkgZWluZW0gTm90ZmFsbCBkYXMgbsOkY2hzdGUgUmV0dHVuZ3NmYWhyemV1ZyBub2NoIGltIEVpbnNhdHogb2RlciBkZXIgTm90ZmFsbG9ydCBkdXJjaCBkaWUgZWhyZW5hbXRsaWNoZW4gSGVsZmVyIHNjaG5lbGxlciBhbHMgZsO8ciBkZW4gUmV0dHVuZ3NkaWVuc3QgenUgZXJyZWljaGVuIGlzdCwgYWxhcm1pZXJ0IGRpZSB6dXN0w6RuZGlnZSBSZXR0dW5nc2xlaXRzdGVsbGUgenVzw6R0emxpY2ggenVtIFJldHR1bmdzZGllbnN0IGRlbiBGaXJzdCBSZXNwb25kZXIuIERpZXNlciBmw6RocnQgbWVpc3QgbWl0IHNlaW5lbSBwcml2YXRlbiBQS1cgb2RlciBhdWNoIG1pdCBlaW5lbSB1bnNlcmVyIEVpbnNhdHpmYWhyemV1Z2UgYW4gZGVuIE5vdGZhbGxvcnQgdW5kIGJlZ2lubnQgbWl0IGRlciBWZXJzb3JndW5nIGRlcyBQYXRpZW50ZW4gYmlzIGRlciBSZXR0dW5nc2RpZW5zdCBlaW50cmlmZnQuZHJvcENhcGlubmVyQmxvY2tzY2xpZW50SWRpc1ZhbGlkb3JpZ2luYWxDb250ZW50bmFtZWF0dHJpYnV0ZXNjb250ZW50Rmlyc3QgUmVzcG9uZGVyIGbDvGhyZW4gZW50c3ByZWNoZW5kZSBsZWJlbnNlcmhhbHRlbmRlIEJhc2lzbWHDn25haG1lbiBkdXJjaCwgd2llIHouQi4gSGVyei1MdW5nZW4tV2llZGVyYmVsZWJ1bmcsIExhZ2VydW5nIGRlcyBQYXRpZW50ZW4sIEJldHJldXVuZywgYmx1dHN0aWxsZW5kZSBNYcOfbmFobWVuIHVzdy4gRWluZSB3aWNodGlnZSBBdWZnYWJlIGlzdCBhdWNoIGRpZSBlbnRzcHJlY2hlbmRlIGZyw7xoZSBSw7xja21lbGR1bmcgYW4gZGllIExlaXRzdGVsbGUuZHJvcENhcGlubmVyQmxvY2tzY2xpZW50SWRpc1ZhbGlkb3JpZ2luYWxDb250ZW50bmFtZWF0dHJpYnV0ZXN3aWR0aGlubmVyQmxvY2tzY2xpZW50SWRpc1ZhbGlkb3JpZ2luYWxDb250ZW50bmFtZWF0dHJpYnV0ZXNhbGlnbnVybGFsdGNhcHRpb25Gb3RvOiBBLiBaZWxjaywgRFJLdGl0bGVocmVmcmVsbGlua0NsYXNzaWR3aWR0aGhlaWdodHNpemVTbHVnbGlua0Rlc3RpbmF0aW9ubGlua1RhcmdldGxvY2thbmNob3JjbGFzc05hbWVzdHlsZW1ldGFkYXRhaW5uZXJCbG9ja3NjbGllbnRJZGlzVmFsaWRvcmlnaW5hbENvbnRlbnRuYW1lYXR0cmlidXRlc2NvbnRlbnRkcm9wQ2FwaW5uZXJCbG9ja3MFBwgECAQIBggFIAgHkh4IBwgGCA4IDggLSAEECQgGCAcPBAoHkQUHCwgHDwQKEQsIBw8ECgsIBw8ECgeGBwcLCAcPBAoHhgQHCwgHDwQKBQsIBw8ECgVDAAcTBQQDCQIFBggPCgQGCQUICwgHDwQKRwALDwEEAAABAAAAAQYAAAEAACFCAQEAQQACAEEAAEEAAEEAAgBBAAIAQQAAQQACAEEAAgACQUABagB9AXcTMjAyMS0wNy0xN1QwODozNTozOXceZmlyc3QtcmVzcG9uZGVyLWhlbGZlci12b3Itb3J0dwdwdWJsaXNofQF9AHcGY2xvc2VkdwZjbG9zZWR3AHcAdyQ4MTcyNjUxYS1iNTNhLTQ3YmItOTkzYy04MWU0MDJhZGM1MDV4d98CPHA+PHN0cm9uZz7igJ5GaXJzdCBSZXNwb25kZXLigJwgYmVkZXV0ZXQgZXJzdGUgSGlsZmUgdm9yIE9ydCwgRXJzdGhlbGZlciB1bmQgcHJvZmVzc2lvbmVsbGUgTmFjaGJhcnNjaGFmdHNoaWxmZS4gU2llIHNpbmQgZWluIHp1c8OkdHpsaWNoZXMgR2xpZWQgaW4gZGVyIFJldHR1bmdza2V0dGUuIEd1dCBhdXNnZWJpbGRldGUsIGZyZWl3aWxsaWdlIEhlbGZlciB1bnNlcmVzIE9ydHN2ZXJlaW5zIMO8YmVyYnLDvGNrZW4gYWxzIEZpcnN0IFJlc3BvbmRlciBkaWUgdGhlcmFwaWVmcmVpZSBaZWl0IGJpcyB6dW0gRWludHJlZmZlbiBkZXMgTm90YXJ6dGVzIG9kZXIgUmV0dHVuZ3NkaWVuc3Rlcy48L3N0cm9uZz48L3A+dw5jb3JlL3BhcmFncmFwaHl3JDNjMzA0MzdlLTZkZmMtNDFjNy05OWViLTEyOTVlOWU3YWJhOXh3JjxkaXYgY2xhc3M9IndwLWJsb2NrLWNvbHVtbnMiPgoKPC9kaXY+dwxjb3JlL2NvbHVtbnN4dyQ2NzVmMWJlMy0wMjdjLTQwYTAtOWY4MS0xZWQwZTJkZmY4MWZ4dyU8ZGl2IGNsYXNzPSJ3cC1ibG9jay1jb2x1bW4iPgoKPC9kaXY+dwtjb3JlL2NvbHVtbnckOTU3Y2YyMjEtMGU1OS00YjVjLWFlZjUtNWJjZDI5NTMzNDZheHfSAzxwPldlbm4gYmVpIGVpbmVtIE5vdGZhbGwgZGFzIG7DpGNoc3RlIFJldHR1bmdzZmFocnpldWcgbm9jaCBpbSBFaW5zYXR6IG9kZXIgZGVyIE5vdGZhbGxvcnQgZHVyY2ggZGllIGVocmVuYW10bGljaGVuIEhlbGZlciBzY2huZWxsZXIgYWxzIGbDvHIgZGVuIFJldHR1bmdzZGllbnN0IHp1IGVycmVpY2hlbiBpc3QsIGFsYXJtaWVydCBkaWUgenVzdMOkbmRpZ2UgUmV0dHVuZ3NsZWl0c3RlbGxlIHp1c8OkdHpsaWNoIHp1bSBSZXR0dW5nc2RpZW5zdCBkZW4gRmlyc3QgUmVzcG9uZGVyLiBEaWVzZXIgZsOkaHJ0IG1laXN0IG1pdCBzZWluZW0gcHJpdmF0ZW4gUEtXIG9kZXIgYXVjaCBtaXQgZWluZW0gdW5zZXJlciBFaW5zYXR6ZmFocnpldWdlIGFuIGRlbiBOb3RmYWxsb3J0IHVuZCBiZWdpbm50IG1pdCBkZXIgVmVyc29yZ3VuZyBkZXMgUGF0aWVudGVuIGJpcyBkZXIgUmV0dHVuZ3NkaWVuc3QgZWludHJpZmZ0LjwvcD53DmNvcmUvcGFyYWdyYXBoeXckZTMwYjg3ZDktM2FhOC00OGZiLWFjMWUtNjQxNGM2ZmE3OTVkeHeSAjxwPkZpcnN0IFJlc3BvbmRlciBmw7xocmVuIGVudHNwcmVjaGVuZGUgbGViZW5zZXJoYWx0ZW5kZSBCYXNpc21hw59uYWhtZW4gZHVyY2gsIHdpZSB6LkIuIEhlcnotTHVuZ2VuLVdpZWRlcmJlbGVidW5nLCBMYWdlcnVuZyBkZXMgUGF0aWVudGVuLCBCZXRyZXV1bmcsIGJsdXRzdGlsbGVuZGUgTWHDn25haG1lbiB1c3cuIEVpbmUgd2ljaHRpZ2UgQXVmZ2FiZSBpc3QgYXVjaCBkaWUgZW50c3ByZWNoZW5kZSBmcsO8aGUgUsO8Y2ttZWxkdW5nIGFuIGRpZSBMZWl0c3RlbGxlLjwvcD53DmNvcmUvcGFyYWdyYXBoeXckZmM3Y2VjZDctZjVjYy00MDNjLThlMzItYzFiYjViNmYzYzRkeHc6PGRpdiBjbGFzcz0id3AtYmxvY2stY29sdW1uIiBzdHlsZT0iZmxleC1iYXNpczoyMCUiPjwvZGl2PncLY29yZS9jb2x1bW53AzIwJXckMTQwYjFmODUtYzAzMC00OTZkLTk2MWQtOWE3M2E3MWRiODIweHeQAjxkaXYgY2xhc3M9IndwLWJsb2NrLWltYWdlIj48ZmlndXJlIGNsYXNzPSJhbGlnbnJpZ2h0IHNpemUtbGFyZ2UgaXMtcmVzaXplZCI+PGltZyBzcmM9Imh0dHBzOi8vZHJrLWplc3RldHRlbi5kZS93cC1jb250ZW50L3VwbG9hZHMvMjAyMS8wNy9GaXJzdHJlc3BvbmRlci5qcGciIGFsdD0iIiBjbGFzcz0id3AtaW1hZ2UtNTk1IiB3aWR0aD0iMTY2IiBoZWlnaHQ9IjI0NiIvPjxmaWdjYXB0aW9uPkZvdG86IEEuIFplbGNrLCBEUks8L2ZpZ2NhcHRpb24+PC9maWd1cmU+PC9kaXY+dwpjb3JlL2ltYWdldwVyaWdodHdGaHR0cHM6Ly9kcmstamVzdGV0dGVuLmRlL3dwLWNvbnRlbnQvdXBsb2Fkcy8yMDIxLzA3L0ZpcnN0cmVzcG9uZGVyLmpwZ3cAf39\/f32TCX2mAn22A3cFbGFyZ2V3BG5vbmV\/f39\/f393JDAzYTY0YzBmLTFhMGQtNGYyOS1iMWJjLWJhOGJlN2RlNjU5ZHh3BzxwPjwvcD53DmNvcmUvcGFyYWdyYXBoeQA=\",\"updateId\":952790414}","footnotes":""},"class_list":["post-594","page","type-page","status-publish","hentry"],"_links":{"self":[{"href":"https:\/\/drk-jestetten.de\/index.php?rest_route=\/wp\/v2\/pages\/594","targetHints":{"allow":["GET"]}}],"collection":[{"href":"https:\/\/drk-jestetten.de\/index.php?rest_route=\/wp\/v2\/pages"}],"about":[{"href":"https:\/\/drk-jestetten.de\/index.php?rest_route=\/wp\/v2\/types\/page"}],"author":[{"embeddable":true,"href":"https:\/\/drk-jestetten.de\/index.php?rest_route=\/wp\/v2\/users\/1"}],"replies":[{"embeddable":true,"href":"https:\/\/drk-jestetten.de\/index.php?rest_route=%2Fwp%2Fv2%2Fcomments&post=594"}],"version-history":[{"count":0,"href":"https:\/\/drk-jestetten.de\/index.php?rest_route=\/wp\/v2\/pages\/594\/revisions"}],"wp:attachment":[{"href":"https:\/\/drk-jestetten.de\/index.php?rest_route=%2Fwp%2Fv2%2Fmedia&parent=594"}],"curies":[{"name":"wp","href":"https:\/\/api.w.org\/{rel}","templated":true}]}}